{"id":2961,"date":"2024-06-05T18:13:22","date_gmt":"2024-06-05T16:13:22","guid":{"rendered":"https:\/\/avipa.es\/?page_id=2961"},"modified":"2025-05-20T19:46:55","modified_gmt":"2025-05-20T17:46:55","slug":"instruccions-dinscripcions-extraescolars","status":"publish","type":"page","link":"https:\/\/avipa.es\/ca\/instruccions-dinscripcions-extraescolars\/","title":{"rendered":"Instruccions d&#8217;inscripcions extraescolars"},"content":{"rendered":"\n<p>&#8211; El procediment d&#8217;inscripci\u00f3 s&#8217;ha de realitzar a trav\u00e9s del nostre formulari, i el pagament s&#8217;iniciar\u00e0 autom\u00e0ticament en un proc\u00e9s de cobrament continu durant&nbsp;9&nbsp;mesos exceptuant les activitats que es comencin al setembre que es cobraran amb una durada de&nbsp;10&nbsp;mesos.<br>&#8211; Un cop realitzada la inscripci\u00f3 el cobrament es far\u00e0 a trav\u00e9s de domiciliaci\u00f3 banc\u00e0ria el dia 1 de cada&nbsp;mes, durant 9 o 10 mesos. Depenent de quan s&#8217;inici\u00ef l&#8217;activitat.<\/p>\n\n\n\n<p><br><strong>RENOVACI\u00d3&nbsp;<\/strong><\/p>\n\n\n\n<p>Haureu de completar el formulari de forma r\u00e0pida i senzilla sense haver de penjar cap document:&nbsp;<\/p>\n\n\n\n<p>El formulari constar\u00e0 de 6 seccions:&nbsp;<\/p>\n\n\n\n<ul class=\"wp-block-list\">\n<li>Secci\u00f3 1: Dades personals de l\u2019alumne; (Nom, Data naixement, Curs que cursar\u00e0 al 2025-26, i si ser\u00e0 alumne de l\u2019escola durant el curs 2025-26)<\/li>\n\n\n\n<li>Secci\u00f3 2: Consta d\u2019una sola pregunta i haureu de clicar a: \u201csi, vull renovar\u201d.&nbsp;<\/li>\n\n\n\n<li>Secci\u00f3 3: En aquest apartat haureu de seleccionar l\u2019activitat que voleu realitzar, pr\u00e8viament, haureu de seleccionar l\u2019activitat que heu realitzat aquest any.\u00a0Aqu\u00ed tamb\u00e9 podreu decidir si voleu reutilitzar les dades de contacte i de salut de l&#8217;any anterior o si preferiu tornar-ho a omplir. <\/li>\n\n\n\n<li>Secci\u00f3 4: Dades de contacte dels pares\/tutors legals.\u00a0Nom\u00e9s en cas d&#8217;haver decidit tornar-ho a omplir. <\/li>\n\n\n\n<li>Secci\u00f3 5: Acceptaci\u00f3 de pol\u00edtiques.<\/li>\n\n\n\n<li>Secci\u00f3 6: Ajuda\u2019ns a millorar. Aquest \u00faltim apartat \u00e9s opcional per\u00f2 valorem molt positivament les valoracions de les fam\u00edlies.&nbsp;<\/li>\n<\/ul>\n\n\n\n<p><strong>NOVES ALTES&nbsp;<\/strong><\/p>\n\n\n\n<p>Haureu de completar el formulari necessitareu tenir preparat el Cat Salut.<\/p>\n\n\n\n<p>El formulari constar\u00e0 de 6 seccions:&nbsp;<\/p>\n\n\n\n<ul class=\"wp-block-list\">\n<li>Secci\u00f3 1: Dades personals de l\u2019alumne; (Nom, Data naixement, Curs que cursar\u00e0 al 2024-25, i si ser\u00e0 alumne de l\u2019escola durant el curs 2024-25)<\/li>\n\n\n\n<li>Secci\u00f3 2: Consta d\u2019una sola pregunta i haureu de clicar a: \u201cno, soc alta nova\u201d.&nbsp;<\/li>\n\n\n\n<li>Secci\u00f3 3: Inscripcions noves. Haureu de seleccionar l\u2019activitat que voleu realitzar.\u00a0<\/li>\n\n\n\n<li>Secci\u00f3 4: Dades de contacte i salut dels pares\/tutors legals.\u00a0En aquest apartat haureu d&#8217;aportar les dades de contacte, aix\u00ed com adjuntar una fotoc\u00f2pia de la targeta s\u00e0nitaria. <\/li>\n\n\n\n<li>Secci\u00f3 5: Acceptaci\u00f3 de pol\u00edtiques.<\/li>\n\n\n\n<li>Secci\u00f3 6: Ajuda\u2019ns a millorar. Aquest \u00faltim apartat \u00e9s opcional i est\u00e0 focalitzat a les fam\u00edlies que&nbsp; el servei per\u00f2 estem oberts a escoltar propostes i suggeriments de totes les fam\u00edlies.&nbsp;<\/li>\n<\/ul>\n\n\n\n<p><strong>PREGUNTES FREQ\u00dcENTS:&nbsp;<\/strong><\/p>\n\n\n\n<ul class=\"wp-block-list\">\n<li><strong><em>Si el meu fill\/a ha fet una activitat (ex: Iniciaci\u00f3 esportiva) aquest curs i l\u2019any vinent el\/la vull apuntar a una altre (ex: Iniciaci\u00f3 v\u00f2lei) puc renovar el servei?\u00a0<\/em><\/strong><\/li>\n<\/ul>\n\n\n\n<p>En el cas de que hagueu realitzat una activitat amb nosaltres i vulgueu canviar d\u2019activitat, haureu de clicar al mateix bot\u00f3 de la secci\u00f3 2 de \u201csi, vull renovar\u201d. Us portar\u00e0 a la secci\u00f3 3, on haureu de marcar l\u2019activitat realitzada aquest any amb el grup corresponent i l\u2019activitat que voleu realitzar l\u2019any vinent.&nbsp;<\/p>\n\n\n\n<ul class=\"wp-block-list\">\n<li><strong><em>Si tinc m\u00e9s d&#8217;un fill\/a he de fer diferents formularis?<\/em><\/strong><\/li>\n<\/ul>\n\n\n\n<p>Si, un cop acabes el formulari del primer fill\/a, pots clicar al bot\u00f3 del final del formulari \u201cenvia una altra resposta\u201d i tornar-ho a completar utilitzant el mateix correu.<\/p>\n\n\n\n<ul class=\"wp-block-list\">\n<li><strong><em>Es pot pagar en efectiu?&nbsp;<\/em><\/strong><\/li>\n<\/ul>\n\n\n\n<p>Si podeu realitzar el pagament mensual en efectiu, us haureu de posar en contacte amb <a href=\"mailto:concepcionistas@avipa.es\">concepcionistas@avipa.es<\/a> i explicar la situaci\u00f3.&nbsp;<\/p>\n","protected":false},"excerpt":{"rendered":"<p>&#8211; El procediment d&#8217;inscripci\u00f3 s&#8217;ha de realitzar a trav\u00e9s del nostre formulari, i el pagament s&#8217;iniciar\u00e0 autom\u00e0ticament en un proc\u00e9s de cobrament continu durant&nbsp;9&nbsp;mesos exceptuant les activitats que es comencin al setembre que es cobraran amb una durada de&nbsp;10&nbsp;mesos.&#8211; Un cop realitzada la inscripci\u00f3 el cobrament es far\u00e0 a trav\u00e9s de domiciliaci\u00f3 banc\u00e0ria el dia [&hellip;]<\/p>\n","protected":false},"author":3,"featured_media":0,"parent":0,"menu_order":0,"comment_status":"closed","ping_status":"closed","template":"","meta":{"footnotes":""},"class_list":["post-2961","page","type-page","status-publish","hentry"],"yoast_head":"<!-- This site is optimized with the Yoast SEO plugin v27.4 - https:\/\/yoast.com\/product\/yoast-seo-wordpress\/ -->\n<title>Instruccions d&#039;inscripcions extraescolars - AVIPA<\/title>\n<meta name=\"description\" content=\"Inscriu-te f\u00e0cilment! Completa el formulari en pocs passos i gaudeix d\u2019un proc\u00e9s de cobrament autom\u00e0tic per a les teves activitats.\" \/>\n<meta name=\"robots\" content=\"index, follow, max-snippet:-1, max-image-preview:large, max-video-preview:-1\" \/>\n<link rel=\"canonical\" href=\"https:\/\/avipa.es\/ca\/instruccions-dinscripcions-extraescolars\/\" \/>\n<meta property=\"og:locale\" content=\"ca_ES\" \/>\n<meta property=\"og:type\" content=\"article\" \/>\n<meta property=\"og:title\" content=\"Instruccions d&#039;inscripcions extraescolars - AVIPA\" \/>\n<meta property=\"og:description\" content=\"Inscriu-te f\u00e0cilment! Completa el formulari en pocs passos i gaudeix d\u2019un proc\u00e9s de cobrament autom\u00e0tic per a les teves activitats.\" \/>\n<meta property=\"og:url\" content=\"https:\/\/avipa.es\/ca\/instruccions-dinscripcions-extraescolars\/\" \/>\n<meta property=\"og:site_name\" content=\"AVIPA\" \/>\n<meta property=\"article:modified_time\" content=\"2025-05-20T17:46:55+00:00\" \/>\n<meta name=\"twitter:card\" content=\"summary_large_image\" \/>\n<meta name=\"twitter:label1\" content=\"Temps estimat de lectura\" \/>\n\t<meta name=\"twitter:data1\" content=\"3 minuts\" \/>\n<script type=\"application\/ld+json\" class=\"yoast-schema-graph\">{\"@context\":\"https:\\\/\\\/schema.org\",\"@graph\":[{\"@type\":\"WebPage\",\"@id\":\"https:\\\/\\\/avipa.es\\\/ca\\\/instruccions-dinscripcions-extraescolars\\\/\",\"url\":\"https:\\\/\\\/avipa.es\\\/ca\\\/instruccions-dinscripcions-extraescolars\\\/\",\"name\":\"Instruccions d'inscripcions extraescolars - AVIPA\",\"isPartOf\":{\"@id\":\"https:\\\/\\\/avipa.es\\\/ca\\\/#website\"},\"datePublished\":\"2024-06-05T16:13:22+00:00\",\"dateModified\":\"2025-05-20T17:46:55+00:00\",\"description\":\"Inscriu-te f\u00e0cilment! Completa el formulari en pocs passos i gaudeix d\u2019un proc\u00e9s de cobrament autom\u00e0tic per a les teves activitats.\",\"breadcrumb\":{\"@id\":\"https:\\\/\\\/avipa.es\\\/ca\\\/instruccions-dinscripcions-extraescolars\\\/#breadcrumb\"},\"inLanguage\":\"ca\",\"potentialAction\":[{\"@type\":\"ReadAction\",\"target\":[\"https:\\\/\\\/avipa.es\\\/ca\\\/instruccions-dinscripcions-extraescolars\\\/\"]}]},{\"@type\":\"BreadcrumbList\",\"@id\":\"https:\\\/\\\/avipa.es\\\/ca\\\/instruccions-dinscripcions-extraescolars\\\/#breadcrumb\",\"itemListElement\":[{\"@type\":\"ListItem\",\"position\":1,\"name\":\"Portada\",\"item\":\"https:\\\/\\\/avipa.es\\\/ca\\\/\"},{\"@type\":\"ListItem\",\"position\":2,\"name\":\"Instruccions d&#8217;inscripcions extraescolars\"}]},{\"@type\":\"WebSite\",\"@id\":\"https:\\\/\\\/avipa.es\\\/ca\\\/#website\",\"url\":\"https:\\\/\\\/avipa.es\\\/ca\\\/\",\"name\":\"AVIPA\",\"description\":\"Actividades extraescolares para ni\u00f1os\",\"potentialAction\":[{\"@type\":\"SearchAction\",\"target\":{\"@type\":\"EntryPoint\",\"urlTemplate\":\"https:\\\/\\\/avipa.es\\\/ca\\\/?s={search_term_string}\"},\"query-input\":{\"@type\":\"PropertyValueSpecification\",\"valueRequired\":true,\"valueName\":\"search_term_string\"}}],\"inLanguage\":\"ca\"}]}<\/script>\n<!-- \/ Yoast SEO plugin. -->","yoast_head_json":{"title":"Instruccions d'inscripcions extraescolars - AVIPA","description":"Inscriu-te f\u00e0cilment! Completa el formulari en pocs passos i gaudeix d\u2019un proc\u00e9s de cobrament autom\u00e0tic per a les teves activitats.","robots":{"index":"index","follow":"follow","max-snippet":"max-snippet:-1","max-image-preview":"max-image-preview:large","max-video-preview":"max-video-preview:-1"},"canonical":"https:\/\/avipa.es\/ca\/instruccions-dinscripcions-extraescolars\/","og_locale":"ca_ES","og_type":"article","og_title":"Instruccions d'inscripcions extraescolars - AVIPA","og_description":"Inscriu-te f\u00e0cilment! Completa el formulari en pocs passos i gaudeix d\u2019un proc\u00e9s de cobrament autom\u00e0tic per a les teves activitats.","og_url":"https:\/\/avipa.es\/ca\/instruccions-dinscripcions-extraescolars\/","og_site_name":"AVIPA","article_modified_time":"2025-05-20T17:46:55+00:00","twitter_card":"summary_large_image","twitter_misc":{"Temps estimat de lectura":"3 minuts"},"schema":{"@context":"https:\/\/schema.org","@graph":[{"@type":"WebPage","@id":"https:\/\/avipa.es\/ca\/instruccions-dinscripcions-extraescolars\/","url":"https:\/\/avipa.es\/ca\/instruccions-dinscripcions-extraescolars\/","name":"Instruccions d'inscripcions extraescolars - AVIPA","isPartOf":{"@id":"https:\/\/avipa.es\/ca\/#website"},"datePublished":"2024-06-05T16:13:22+00:00","dateModified":"2025-05-20T17:46:55+00:00","description":"Inscriu-te f\u00e0cilment! Completa el formulari en pocs passos i gaudeix d\u2019un proc\u00e9s de cobrament autom\u00e0tic per a les teves activitats.","breadcrumb":{"@id":"https:\/\/avipa.es\/ca\/instruccions-dinscripcions-extraescolars\/#breadcrumb"},"inLanguage":"ca","potentialAction":[{"@type":"ReadAction","target":["https:\/\/avipa.es\/ca\/instruccions-dinscripcions-extraescolars\/"]}]},{"@type":"BreadcrumbList","@id":"https:\/\/avipa.es\/ca\/instruccions-dinscripcions-extraescolars\/#breadcrumb","itemListElement":[{"@type":"ListItem","position":1,"name":"Portada","item":"https:\/\/avipa.es\/ca\/"},{"@type":"ListItem","position":2,"name":"Instruccions d&#8217;inscripcions extraescolars"}]},{"@type":"WebSite","@id":"https:\/\/avipa.es\/ca\/#website","url":"https:\/\/avipa.es\/ca\/","name":"AVIPA","description":"Actividades extraescolares para ni\u00f1os","potentialAction":[{"@type":"SearchAction","target":{"@type":"EntryPoint","urlTemplate":"https:\/\/avipa.es\/ca\/?s={search_term_string}"},"query-input":{"@type":"PropertyValueSpecification","valueRequired":true,"valueName":"search_term_string"}}],"inLanguage":"ca"}]}},"meta_box":[],"_links":{"self":[{"href":"https:\/\/avipa.es\/ca\/wp-json\/wp\/v2\/pages\/2961","targetHints":{"allow":["GET"]}}],"collection":[{"href":"https:\/\/avipa.es\/ca\/wp-json\/wp\/v2\/pages"}],"about":[{"href":"https:\/\/avipa.es\/ca\/wp-json\/wp\/v2\/types\/page"}],"author":[{"embeddable":true,"href":"https:\/\/avipa.es\/ca\/wp-json\/wp\/v2\/users\/3"}],"replies":[{"embeddable":true,"href":"https:\/\/avipa.es\/ca\/wp-json\/wp\/v2\/comments?post=2961"}],"version-history":[{"count":3,"href":"https:\/\/avipa.es\/ca\/wp-json\/wp\/v2\/pages\/2961\/revisions"}],"predecessor-version":[{"id":3500,"href":"https:\/\/avipa.es\/ca\/wp-json\/wp\/v2\/pages\/2961\/revisions\/3500"}],"wp:attachment":[{"href":"https:\/\/avipa.es\/ca\/wp-json\/wp\/v2\/media?parent=2961"}],"curies":[{"name":"wp","href":"https:\/\/api.w.org\/{rel}","templated":true}]}}