{"id":3703,"date":"2026-03-24T13:16:35","date_gmt":"2026-03-24T12:16:35","guid":{"rendered":"https:\/\/avipa.es\/?page_id=3703"},"modified":"2026-03-24T13:18:06","modified_gmt":"2026-03-24T12:18:06","slug":"casal-procediment-inscripcio","status":"publish","type":"page","link":"https:\/\/avipa.es\/ca\/casal-procediment-inscripcio\/","title":{"rendered":"Casal: Procediment inscripci\u00f3"},"content":{"rendered":"\n<p>A continuaci\u00f3 us detallem el calendari previst:<\/p>\n\n\n\n<ol class=\"wp-block-list\">\n<li><strong>PREINSCRIPCI\u00d3 I RESERVA DE PLA\u00c7A <\/strong>(<strong>24 de Mar\u00e7 al 12 d\u2019abril<\/strong>)<strong>: <\/strong>S\u2019haur\u00e0 d\u2019omplir i formalitzar el seg\u00fcent formulari: <a href=\"https:\/\/forms.gle\/AvhhBazUdkFj7EGd8\" target=\"_blank\" rel=\"noreferrer noopener\">https:\/\/forms.gle\/AvhhBazUdkFj7EGd8<\/a> . En aquest formulari haureu d\u2019indicar els descomptes als que voleu accedir pel Casal 2026.\u00a0<\/li>\n\n\n\n<li><strong>FORMALITZAR LA RESERVA I EL PRIMER PAGAMENT<\/strong> (<strong>12 d\u2019abril al 3 de Maig)<\/strong>)<strong>: <\/strong>\u00a0S\u2019haur\u00e0 de formalitzar la reserva omplint <strong>el formulari <\/strong>i fent\u00a0 el <strong>primer pagament<\/strong> a trav\u00e9s de la nova plataforma d\u2019AVIPA. Aquest haur\u00e0 de ser del 50% del total.\u00a0<\/li>\n\n\n\n<li><strong>SEGON PAGAMENT<\/strong> (<strong>del 18 de maig al 5 de Juny)<\/strong>. Per completar la inscripci\u00f3 caldr\u00e0\u00a0 fer el segon pagament. Es completar\u00e0 a trav\u00e9s de la mateixa plataforma del registre. Aquest haur\u00e0 de ser del 50% que resta del total.\u00a0<\/li>\n<\/ol>\n\n\n\n<p><strong>REUNIONS INFORMATIVES CASAL&nbsp;<\/strong><\/p>\n\n\n\n<p><strong>1a Reuni\u00f3: 24 de Mar\u00e7 (FORMAT ONLINE). Reuni\u00f3 informativa sobre terminis, inscripci\u00f3, preus i descomptes, setmanes ofertes, horaris i molt m\u00e9s. Per accedir a la reuni\u00f3 podeu utilitzar aquest enlla\u00e7:&nbsp;<\/strong><\/p>\n\n\n\n<p><strong>REUNIO CASAL ESTIU 2026<\/strong><\/p>\n\n\n\n<p><strong>Dimarts, 24 de de mar\u00e7 \u00b7 19:30-20:30<\/strong><\/p>\n\n\n\n<p><strong>Informaci\u00f3 per unir-se a Google Meet<\/strong><\/p>\n\n\n\n<p><strong>Enlla\u00e7 de la videotrucada: <\/strong><a href=\"https:\/\/meet.google.com\/eui-deqp-swr\" target=\"_blank\" rel=\"noreferrer noopener\"><strong>https:\/\/meet.google.com\/eui-deqp-swr<\/strong><\/a><strong>&nbsp;<\/strong><\/p>\n\n\n\n<p><strong>2a Reuni\u00f3: Primera o segona setmana de juny \u201cdata i hora a concretar\u201d(FORMAT PRESENCIAL). Reuni\u00f3 informativa sobre els horaris i el funcionament del casal, presentaci\u00f3 de l\u2019equip de monitors\/es, entrega del full nevera i molt m\u00e9s.&nbsp;<\/strong><\/p>\n\n\n\n<p><strong>*Les samarretes es lliuraran el primer dia de casal.<\/strong><\/p>\n","protected":false},"excerpt":{"rendered":"<p>A continuaci\u00f3 us detallem el calendari previst: REUNIONS INFORMATIVES CASAL&nbsp; 1a Reuni\u00f3: 24 de Mar\u00e7 (FORMAT ONLINE). Reuni\u00f3 informativa sobre terminis, inscripci\u00f3, preus i descomptes, setmanes ofertes, horaris i molt m\u00e9s. Per accedir a la reuni\u00f3 podeu utilitzar aquest enlla\u00e7:&nbsp; REUNIO CASAL ESTIU 2026 Dimarts, 24 de de mar\u00e7 \u00b7 19:30-20:30 Informaci\u00f3 per unir-se a [&hellip;]<\/p>\n","protected":false},"author":3,"featured_media":0,"parent":0,"menu_order":0,"comment_status":"closed","ping_status":"closed","template":"","meta":{"footnotes":""},"class_list":["post-3703","page","type-page","status-publish","hentry"],"yoast_head":"<!-- This site is optimized with the Yoast SEO plugin v27.3 - https:\/\/yoast.com\/product\/yoast-seo-wordpress\/ -->\n<title>Casal: Procediment inscripci\u00f3 - AVIPA<\/title>\n<meta name=\"robots\" content=\"index, follow, max-snippet:-1, max-image-preview:large, max-video-preview:-1\" \/>\n<link rel=\"canonical\" href=\"https:\/\/avipa.es\/ca\/casal-procediment-inscripcio\/\" \/>\n<meta property=\"og:locale\" content=\"ca_ES\" \/>\n<meta property=\"og:type\" content=\"article\" \/>\n<meta property=\"og:title\" content=\"Casal: Procediment inscripci\u00f3 - AVIPA\" \/>\n<meta property=\"og:description\" content=\"A continuaci\u00f3 us detallem el calendari previst: REUNIONS INFORMATIVES CASAL&nbsp; 1a Reuni\u00f3: 24 de Mar\u00e7 (FORMAT ONLINE). Reuni\u00f3 informativa sobre terminis, inscripci\u00f3, preus i descomptes, setmanes ofertes, horaris i molt m\u00e9s. Per accedir a la reuni\u00f3 podeu utilitzar aquest enlla\u00e7:&nbsp; REUNIO CASAL ESTIU 2026 Dimarts, 24 de de mar\u00e7 \u00b7 19:30-20:30 Informaci\u00f3 per unir-se a [&hellip;]\" \/>\n<meta property=\"og:url\" content=\"https:\/\/avipa.es\/ca\/casal-procediment-inscripcio\/\" \/>\n<meta property=\"og:site_name\" content=\"AVIPA\" \/>\n<meta property=\"article:modified_time\" content=\"2026-03-24T12:18:06+00:00\" \/>\n<meta name=\"twitter:card\" content=\"summary_large_image\" \/>\n<meta name=\"twitter:label1\" content=\"Temps estimat de lectura\" \/>\n\t<meta name=\"twitter:data1\" content=\"1 minut\" \/>\n<script type=\"application\/ld+json\" class=\"yoast-schema-graph\">{\"@context\":\"https:\\\/\\\/schema.org\",\"@graph\":[{\"@type\":\"WebPage\",\"@id\":\"https:\\\/\\\/avipa.es\\\/ca\\\/casal-procediment-inscripcio\\\/\",\"url\":\"https:\\\/\\\/avipa.es\\\/ca\\\/casal-procediment-inscripcio\\\/\",\"name\":\"Casal: Procediment inscripci\u00f3 - AVIPA\",\"isPartOf\":{\"@id\":\"https:\\\/\\\/avipa.es\\\/ca\\\/#website\"},\"datePublished\":\"2026-03-24T12:16:35+00:00\",\"dateModified\":\"2026-03-24T12:18:06+00:00\",\"breadcrumb\":{\"@id\":\"https:\\\/\\\/avipa.es\\\/ca\\\/casal-procediment-inscripcio\\\/#breadcrumb\"},\"inLanguage\":\"ca\",\"potentialAction\":[{\"@type\":\"ReadAction\",\"target\":[\"https:\\\/\\\/avipa.es\\\/ca\\\/casal-procediment-inscripcio\\\/\"]}]},{\"@type\":\"BreadcrumbList\",\"@id\":\"https:\\\/\\\/avipa.es\\\/ca\\\/casal-procediment-inscripcio\\\/#breadcrumb\",\"itemListElement\":[{\"@type\":\"ListItem\",\"position\":1,\"name\":\"Portada\",\"item\":\"https:\\\/\\\/avipa.es\\\/ca\\\/\"},{\"@type\":\"ListItem\",\"position\":2,\"name\":\"Casal: Procediment inscripci\u00f3\"}]},{\"@type\":\"WebSite\",\"@id\":\"https:\\\/\\\/avipa.es\\\/ca\\\/#website\",\"url\":\"https:\\\/\\\/avipa.es\\\/ca\\\/\",\"name\":\"AVIPA\",\"description\":\"Actividades extraescolares para ni\u00f1os\",\"potentialAction\":[{\"@type\":\"SearchAction\",\"target\":{\"@type\":\"EntryPoint\",\"urlTemplate\":\"https:\\\/\\\/avipa.es\\\/ca\\\/?s={search_term_string}\"},\"query-input\":{\"@type\":\"PropertyValueSpecification\",\"valueRequired\":true,\"valueName\":\"search_term_string\"}}],\"inLanguage\":\"ca\"}]}<\/script>\n<!-- \/ Yoast SEO plugin. -->","yoast_head_json":{"title":"Casal: Procediment inscripci\u00f3 - AVIPA","robots":{"index":"index","follow":"follow","max-snippet":"max-snippet:-1","max-image-preview":"max-image-preview:large","max-video-preview":"max-video-preview:-1"},"canonical":"https:\/\/avipa.es\/ca\/casal-procediment-inscripcio\/","og_locale":"ca_ES","og_type":"article","og_title":"Casal: Procediment inscripci\u00f3 - AVIPA","og_description":"A continuaci\u00f3 us detallem el calendari previst: REUNIONS INFORMATIVES CASAL&nbsp; 1a Reuni\u00f3: 24 de Mar\u00e7 (FORMAT ONLINE). Reuni\u00f3 informativa sobre terminis, inscripci\u00f3, preus i descomptes, setmanes ofertes, horaris i molt m\u00e9s. Per accedir a la reuni\u00f3 podeu utilitzar aquest enlla\u00e7:&nbsp; REUNIO CASAL ESTIU 2026 Dimarts, 24 de de mar\u00e7 \u00b7 19:30-20:30 Informaci\u00f3 per unir-se a [&hellip;]","og_url":"https:\/\/avipa.es\/ca\/casal-procediment-inscripcio\/","og_site_name":"AVIPA","article_modified_time":"2026-03-24T12:18:06+00:00","twitter_card":"summary_large_image","twitter_misc":{"Temps estimat de lectura":"1 minut"},"schema":{"@context":"https:\/\/schema.org","@graph":[{"@type":"WebPage","@id":"https:\/\/avipa.es\/ca\/casal-procediment-inscripcio\/","url":"https:\/\/avipa.es\/ca\/casal-procediment-inscripcio\/","name":"Casal: Procediment inscripci\u00f3 - AVIPA","isPartOf":{"@id":"https:\/\/avipa.es\/ca\/#website"},"datePublished":"2026-03-24T12:16:35+00:00","dateModified":"2026-03-24T12:18:06+00:00","breadcrumb":{"@id":"https:\/\/avipa.es\/ca\/casal-procediment-inscripcio\/#breadcrumb"},"inLanguage":"ca","potentialAction":[{"@type":"ReadAction","target":["https:\/\/avipa.es\/ca\/casal-procediment-inscripcio\/"]}]},{"@type":"BreadcrumbList","@id":"https:\/\/avipa.es\/ca\/casal-procediment-inscripcio\/#breadcrumb","itemListElement":[{"@type":"ListItem","position":1,"name":"Portada","item":"https:\/\/avipa.es\/ca\/"},{"@type":"ListItem","position":2,"name":"Casal: Procediment inscripci\u00f3"}]},{"@type":"WebSite","@id":"https:\/\/avipa.es\/ca\/#website","url":"https:\/\/avipa.es\/ca\/","name":"AVIPA","description":"Actividades extraescolares para ni\u00f1os","potentialAction":[{"@type":"SearchAction","target":{"@type":"EntryPoint","urlTemplate":"https:\/\/avipa.es\/ca\/?s={search_term_string}"},"query-input":{"@type":"PropertyValueSpecification","valueRequired":true,"valueName":"search_term_string"}}],"inLanguage":"ca"}]}},"meta_box":[],"_links":{"self":[{"href":"https:\/\/avipa.es\/ca\/wp-json\/wp\/v2\/pages\/3703","targetHints":{"allow":["GET"]}}],"collection":[{"href":"https:\/\/avipa.es\/ca\/wp-json\/wp\/v2\/pages"}],"about":[{"href":"https:\/\/avipa.es\/ca\/wp-json\/wp\/v2\/types\/page"}],"author":[{"embeddable":true,"href":"https:\/\/avipa.es\/ca\/wp-json\/wp\/v2\/users\/3"}],"replies":[{"embeddable":true,"href":"https:\/\/avipa.es\/ca\/wp-json\/wp\/v2\/comments?post=3703"}],"version-history":[{"count":2,"href":"https:\/\/avipa.es\/ca\/wp-json\/wp\/v2\/pages\/3703\/revisions"}],"predecessor-version":[{"id":3705,"href":"https:\/\/avipa.es\/ca\/wp-json\/wp\/v2\/pages\/3703\/revisions\/3705"}],"wp:attachment":[{"href":"https:\/\/avipa.es\/ca\/wp-json\/wp\/v2\/media?parent=3703"}],"curies":[{"name":"wp","href":"https:\/\/api.w.org\/{rel}","templated":true}]}}