{"id":697,"date":"2023-05-02T08:33:42","date_gmt":"2023-05-02T06:33:42","guid":{"rendered":"https:\/\/avipa.es\/politica-del-casal\/"},"modified":"2026-03-24T13:10:36","modified_gmt":"2026-03-24T12:10:36","slug":"politica-del-casal","status":"publish","type":"page","link":"https:\/\/avipa.es\/ca\/politica-del-casal\/","title":{"rendered":"Pol\u00edtica del Casal"},"content":{"rendered":"\n<h2 class=\"wp-block-heading\"><strong>Condicions Generals<\/strong><\/h2>\n\n\n\n<h3 class=\"wp-block-heading\"><strong>Procediment d&#8217; inscripci\u00f3:<\/strong><\/h3>\n\n\n\n<p>Per formalitzar la reserva s&#8217;haur\u00e0 de completar la inscripci\u00f3 a trav\u00e9s del <strong>formulari digital integrat a la plataforma Playoff<\/strong>, accessible des de la p\u00e0gina web del Casal.<\/p>\n\n\n\n<p>Per completar el formulari caldr\u00e0 adjuntar una fotoc\u00f2pia del Cat Salut, aix\u00ed com la documentaci\u00f3 requerida durant el proc\u00e9s d&#8217;inscripci\u00f3.<\/p>\n\n\n\n<p>Es podr\u00e1 seleccionar la modalitat de pagament fraccionat.<\/p>\n\n\n\n<p>El segon pagament corresponent al 50% restant haur\u00e0 d&#8217; efectuar-se dins dels terminis indicats a la plataforma Playoff o a les comunicacions oficials del Casal, per garantir la seva pla\u00e7a, havent d&#8217; adjuntar el comprovant de pagament quan sigui requerit.<\/p>\n\n\n\n<p>Per garantir la pla\u00e7a cal que s&#8217;hagin completat ambd\u00f3s pagaments dins dels terminis indicats. Si no s&#8217;ha realitzat el segon pagament en aquestes dates, el Casal disposar\u00e0 lliurement de la pla\u00e7a sense previ av\u00eds.<\/p>\n\n\n\n<p>El nombre de places est\u00e0 limitat en cada torn. En cas de no disposar de places en el torn demanat se n&#8217;oferir\u00e0 un altre. I si no fos possible, el nen\/a es quedar\u00e0 en llista d&#8217;espera.<\/p>\n\n\n\n<p>Una vegada formalitzada la reserva, es rebr\u00e0 per correu electr\u00f2nic la confirmaci\u00f3 de la inscripci\u00f3 juntament amb la informaci\u00f3 precisa i detallada sobre la programaci\u00f3 del torn escollit i la reuni\u00f3 informativa.<\/p>\n\n\n\n<p><strong>Formes de pagament:<\/strong><\/p>\n\n\n\n<p>Poden efectuar el pagament en efectiu o a trav\u00e9s de transfer\u00e8ncia banc\u00e0ria al seg\u00fcent n\u00famero de compte:<br><strong>ES51 2100 0763 9002 0040 7017<\/strong><\/p>\n\n\n\n<p>Aix\u00ed mateix, alguns m\u00e8todes de pagament podran gestionar-se directament a trav\u00e9s de la plataforma Playoff.<\/p>\n\n\n\n<p><strong>Modalitats de Pagament:<\/strong><\/p>\n\n\n\n<p>Pagament \u00danic: Abonar la totalitat de l&#8217; import del Programa escollit en el moment de formalitzar la reserva.<\/p>\n\n\n\n<p>Pagament Fraccionat: Abonar la quantitat del 50% per formalitzar la reserva, i s&#8217; haur\u00e0 d&#8217; abonar la resta, un mes despr\u00e9s de realitzar el primer import.<\/p>\n\n\n\n<p><strong>L&#8217; organitzaci\u00f3 es reserva:<\/strong><\/p>\n\n\n\n<p>El dret d&#8217; anul\u00b7lar la matr\u00edcula, si abans de comen\u00e7ar el curs del casal no s&#8217;ha pagat la totalitat del preu establert.<\/p>\n\n\n\n<p>El dret de no admissi\u00f3, de no estar el dia en altres pagaments de l&#8217;Escola i\/o activitats extraescolars.<\/p>\n\n\n\n<p>El dret de no admissi\u00f3 en cas de tenir algun av\u00eds disciplinari durant el curs escolar vigent.<\/p>\n\n\n\n<p><strong>Baixes i Cancel\u00b7lacions:<\/strong><\/p>\n\n\n\n<p>Es retornar\u00e0 l&#8217;import total pagat menys 80\u20ac per despeses de cancel\u00b7laci\u00f3 si l&#8217;anul\u00b7laci\u00f3 es fa trenta dies abans de l&#8217;inici del torn escollit. A partir d&#8217;aquesta data, no es retornar\u00e0 cap import.<\/p>\n\n\n\n<p>L&#8217;av\u00eds de cancel\u00b7laci\u00f3 s&#8217;haur\u00e0 de dur a terme mitjan\u00e7ant document escrit i signat, i enviat mitjan\u00e7ant correu electr\u00f2nic a <a href=\"mailto:casalestiu@iconcepcionistas.es\">casalestiu@iconcepcionistas.es<\/a> . La matr\u00edcula quedar\u00e0 anul\u00b7lada quan es remeti l&#8217;escrit de cancel\u00b7laci\u00f3.<\/p>\n\n\n\n<p><strong>Possibilitats organitzatives:<\/strong><\/p>\n\n\n\n<p>Aquestes condicions generals es vinculen als seg\u00fcents programes: Casal d&#8217;estiu (Programa Educatiu d&#8217;1, 2, 3,4 i\/o 5 setmanes de durada segons l&#8217;opci\u00f3 escollida que es realitza els dilluns, dimarts, dimecres, dijous i divendres de 8:00 h-9:00 h fins a 17:00 h. fins a les 8:00 AM de l&#8217;endem\u00e0).<\/p>\n\n\n\n<p><strong>La Matr\u00edcula inclou:<\/strong><\/p>\n\n\n\n<p>En cadascun dels programes s&#8217; especifica la durada, calendari, caracter\u00edstiques, activitats, preu i diverses activitats incloses:<\/p>\n\n\n\n<p>Desenvolupament del programa d&#8217;activitats. Aquest s&#8217;ha dissenyat, gestionat i executat per AVIPA amb la col\u00b7laboraci\u00f3 de la pr\u00f2pia escola.<\/p>\n\n\n\n<p>Activitats aqu\u00e0tiques a la piscina. Estan adaptades a l&#8217;edat dels alumnes i treballen des de la familiaritzaci\u00f3 en el medi aqu\u00e0tic per als m\u00e9s petits fins al perfeccionament per als m\u00e9s grans.<\/p>\n\n\n\n<p>&#8220;Nit d&#8217;Estels&#8221;. Una nit de pernoctaci\u00f3 a l&#8217;escola en r\u00e8gim de pensi\u00f3 completa amb la qual pretenem oferir una experi\u00e8ncia innovadora.<\/p>\n\n\n\n<p>Berenars.<\/p>\n\n\n\n<p>Servei de menjador i acollida (opcionals).<\/p>\n\n\n\n<p>Servei d&#8217; autocar per les piscines de Mundet i per la sortida setmanal de Turisme Educatiu.<\/p>\n\n\n\n<p>Asseguran\u00e7a de responsabilitat i accidents.<\/p>\n\n\n\n<p><strong>La Matr\u00edcula no inclou:<\/strong><\/p>\n\n\n\n<p>Perman\u00e8ncies de mat\u00ed o de tarda.<\/p>\n\n\n\n<p>Despeses personals de l&#8217;alumne\/a durant la seva estada.<\/p>\n\n\n\n<p>Dinars dels dimarts (pel fet que realitzem sortida a la platja)<\/p>\n\n\n\n<p>En el cas de l&#8217;ESO, no inclou els \u00e0pats.<\/p>\n\n\n\n<p><strong>Situacions especials:<\/strong><\/p>\n\n\n\n<p>En cas que el participant hagu\u00e9s d&#8217;abandonar el Centre, un cop iniciat el programa d&#8217; activitats, no tindr\u00e0 dret a cap indemnitzaci\u00f3.<\/p>\n\n\n\n<p>En cas que el Centre es vei\u00e9s obligat a cancel\u00b7lar un programa per raons de for\u00e7a major, l&#8217;alumne inscrit tindr\u00e0 dret al reemborsament total de les quantitats pagades si es donen les seg\u00fcents situacions:<\/p>\n\n\n\n<p>Quan la cancel\u00b7laci\u00f3 del programa sigui per motius de for\u00e7a major. S&#8217;ent\u00e9n per for\u00e7a major qualsevol circumst\u00e0ncia aliena a qui les invoca, anormals, les conseq\u00fc\u00e8ncies dels quals no s&#8217;haurien pogut evitar, tot i haver actuat amb la dilig\u00e8ncia. No inclou malalties o COVID.<\/p>\n\n\n\n<p>Quan la cancel\u00b7laci\u00f3 del programa sigui per no haver arribat al nombre m\u00ednim d&#8217;inscripcions.<\/p>\n\n\n\n<p>El programa s&#8217;iniciar\u00e0 quan els alumnes arribin al Centre, moment en qu\u00e8 el Centre ha d&#8217;estar en possessi\u00f3 de tota la documentaci\u00f3. A partir d&#8217;aquell moment el Centre es responsabilitzar\u00e0 de l&#8217; alumne.<\/p>\n\n\n\n<p><strong>Altra informaci\u00f3:<\/strong><\/p>\n\n\n\n<p>En cas de demanar el servei opcional de perman\u00e8ncies, aquest comen\u00e7ar\u00e0 a partir de les 8: 00 A.M. fins a les 9: 00 A.M. i de 17: 00 P.M. a 17: 30 P.M.<\/p>\n\n\n\n<p>\u00c9s imprescindible que es proporcioni la signatura del pare o mare per confirmar que es verifica la informaci\u00f3 proporcionada i que s&#8217;accepten les Condicions Generals.<\/p>\n\n\n\n<p>Es reserva el dret d&#8217;admetre als alumnes que no hagin fet entrega de la seva documentaci\u00f3 m\u00e8dica personal (fitxa m\u00e8dica, targeta sanit\u00e0ria, etc.), aix\u00ed com de les autoritzacions pertinents del seu tutor legal, abans de l&#8217;inici del programa. Alhora, tamb\u00e9 es reserva el dret d&#8217; admissi\u00f3 als alumnes que tinguin obert un expedient disciplinari o hagin estat advertits per escrit o verbalment de forma reiterada a causa d&#8217;una mala conducta.<\/p>\n\n\n\n<p>El pare\/mare o tutor haur\u00e0 de signar una autoritzaci\u00f3 on deixa const\u00e0ncia qui recollir\u00e0 l&#8217;alumne del centre un cop finalitzin les activitats di\u00e0ries.<\/p>\n\n\n\n<p>El Centre es reserva el dret de cancel\u00b7lar, canviar o substituir, segons les circumst\u00e0ncies o inter\u00e8s de cada grup o alumne, les activitats o parts del programa que es considerin necess\u00e0ries, sense modificar les condicions generals del programa.<\/p>\n\n\n\n<p>El conjunt d&#8217; activitats i serveis inclosos en el preu, es considerar\u00e0 com un programa complet o paquet \u00fanic indivisible. I at\u00e8s que s\u00f3n oferts al conjunt d&#8217; alumnes, no podran ser descomptades per separat, encara que un alumne decideixi finalment no participar en alguna activitat o volunt\u00e0riament decideixi renunciar al programa.<\/p>\n\n\n\n<p><strong>Autoritzacions.<\/strong><\/p>\n\n\n\n<p>Amb el formulari d&#8217;inscripci\u00f3 s&#8217;autoritza que l&#8217;alumne pugui participar en totes les activitats previstes en el programa del Casal, incloses les que es puguin organitzar posteriorment, i a participar en els itineraris i excursions que es realitzin fora de les instal\u00b7lacions del Centre.<\/p>\n\n\n\n<p>En cas que el participant necessit\u00e9s tractament m\u00e8dic i\/o quir\u00fargic, o hagu\u00e9s de ser ingressat sense haver pogut localitzar els seus pares o representants legals en els tel\u00e8fons de contacte indicats en la inscripci\u00f3, l&#8217;adre\u00e7a, els monitors i altres treballadors del centre queden autoritzats per adoptar les mesures urgents necess\u00e0ries que es considerin m\u00e9s oportunes per la salut del participant segons indicaci\u00f3 m\u00e8dica. Les despeses assistencials, medicaments i trasllats no coberts per la Seguretat Social, o per l&#8217;asseguran\u00e7a privada de l&#8217;alumne aniran a c\u00e0rrec del client.<\/p>\n\n\n\n<p>En compliment de la Legislaci\u00f3 vigent i tenint en compte el Decret 137\/2003, pel qual es regulen les activitats de lleure a la comunitat aut\u00f2noma de Catalunya, el centre t\u00e9 subscrites ambdues p\u00f2lisses de Responsabilitat Civil i d&#8217;Accidents. Un exemplar d&#8217; aquestes p\u00f2lisses d&#8217;asseguran\u00e7a estan a disposici\u00f3 de qualsevol interessat.<\/p>\n\n\n\n<p>D&#8217;acord amb el dret a la pr\u00f2pia imatge regulada per la llei 5\/1982 de 5 de maig, s&#8217;autoritza l&#8217;empresa Actividades Deportivas y Formativas SLU (AVIPA) a utilitzar tots aquells materials gr\u00e0fics, fotogr\u00e0fics o d&#8217;un altre tipus en els quals apareguin les imatges d&#8217;alumnes per a finalitats relacionades amb l&#8217;activitat (publicacions a les p\u00e0gines web,&nbsp; publicacions impreses del centre o b\u00e9 per promoci\u00f3 o publicitat del mateix).<\/p>\n\n\n\n<p>Els desperfectes ocasionats directament per l&#8217;alumne seran abonats per qui hagi signat el full d&#8217;inscripci\u00f3 (mare\/mare o tutor legal).<\/p>\n\n\n\n<p>Segons s&#8217;estableix en la llei Org\u00e0nica 15\/1999 de 13 de Desembre, de Protecci\u00f3 de Dades de Car\u00e0cter Personal, les dades personals passaran a formar part d&#8217;una base de dades d&#8217;\u00fas privat i exclusiu, que s&#8217;utilitzar\u00e0 \u00fanicament i exclusivament per donar a con\u00e8ixer les activitats, cursos, promocions i altra informaci\u00f3 futura pel que fa a l&#8217;activitat,&nbsp; llevat que se&#8217;ns notifiqui per escrit la voluntat de no ser incl\u00f2s en aquesta base de dades.<\/p>\n\n\n\n<p>Resoluci\u00f3 de conflictes. Qualsevol conflicte que pugui sorgir entre les parts amb motiu de la interpretaci\u00f3, compliment i execuci\u00f3 del present contracte, ser\u00e0 resolt pels \u00d2rgans Jurisdiccionals competents segons la legislaci\u00f3 aplicable. Es posa de manifest la ren\u00fancia expressa de les parts a qualsevol altre mecanisme de resoluci\u00f3 de conflictes (\u00d2rgans administratius, \u00f2rgans d&#8217;arbitratge, etc.).<\/p>\n\n\n\n<p>En cas de litigi, amb ren\u00fancia expressa de qualsevol altre fur que pogu\u00e9s correspondre&#8217; ls, el signant se sotmet a la jurisdicci\u00f3 i compet\u00e8ncia dels Jutjats i Tribunals de Barcelona, Catalunya.<\/p>\n\n\n\n<p>Amb independ\u00e8ncia de les exclusions de car\u00e0cter legal i contractual, que se signa es renuncia als drets i accions per qualsevol altre sup\u00f2sit de danys i perjudicis, i en especial als derivats de for\u00e7a major o per manca de relaci\u00f3 de causalitat directa entre els danys i els perjudicis produ\u00efts i culpa o neglig\u00e8ncia per part del Centre i personals que d&#8217;ella depengui. En cas d&#8217; indemnitzaci\u00f3, els imports que excedeixin de la cobertura establerta en la p\u00f2lissa subscrita pel Centre ser\u00e1n a c\u00e0rrec del client.<\/p>\n\n\n\n<p>A efectes de devoluci\u00f3 d&#8217; objectes perduts o de peces de vestir, el Centre es compromet a conservar els objectes a l&#8217;escola fins a l&#8217;\u00faltim dia del Casal. Passats trenta dies des de la finalitzaci\u00f3 del Casal d&#8217;Estiu, el Centre far\u00e0 lliurament de la roba a una ONG.<\/p>\n\n\n\n<p>El Casal no es fa responsable d&#8217; aquells objectes de valor que no s&#8217;han lliurat al personal del Centre el dia d&#8217;entrada: diners en efectiu i documentaci\u00f3 personal, tel\u00e8fons m\u00f2bils, etc.<\/p>\n\n\n\n<p>S&#8217; autoritza el Centre a administrar els diners personals de l&#8217;alumne, si fos necessari, durant el transcurs del programa, segons indicacions dels seus pares o tutor.<\/p>\n\n\n\n<p>Formalitzar la matr\u00edcula implica el coneixement i acceptaci\u00f3, per part d&#8217;alumnes i pares, de les Condicions Generals aqu\u00ed exposades i de les Normes Generals de conviv\u00e8ncia del Casal.<\/p>\n\n\n\n<p>Normes d&#8217;obligat compliment durant el desenvolupament del programa.<\/p>\n\n\n\n<p>El participant es compromet a respectar les Normes Generals i de Conviv\u00e8ncia del Casal.<\/p>\n\n\n\n<p>El Casal lliurar\u00e0 a Pares i Alumnes participants una c\u00f2pia de les Normes Generals del Centre.<\/p>\n\n\n\n<p><strong>Possibles expulsions.<\/strong><\/p>\n\n\n\n<p>En el sup\u00f2sit d&#8217; incompliment per part del participant de les Normes Generals del Casal, el participant podr\u00e0 ser expulsat del Programa a judici de la Prefectura del Centre. En aquest cas, el participant o els seus representants legals hauran d&#8217; assumir les despeses originades pel retorn al seu domicili: despeses d&#8217; anul\u00b7laci\u00f3, indemnitzacions pels danys i perjudicis a tercers i aquells que el Centre es vei\u00e9s obligat a realitzar en conseq\u00fc\u00e8ncia de les seves accions, al marge de qualsevol altra responsabilitat de la seva incumb\u00e8ncia.<\/p>\n\n\n\n<p><strong>Reclamacions.<\/strong><\/p>\n\n\n\n<p>Les difer\u00e8ncies i\/o reclamacions que, segons el parer dels participants, sorgeixin durant el transcurs del programa contractat, hauran de ser posades en coneixement del Casal, per tal d&#8217;oferir una soluci\u00f3 satisfact\u00f2ria amb car\u00e0cter immediat.<\/p>\n\n\n\n<p>En el sup\u00f2sit que la soluci\u00f3 proposada no sigui satisfact\u00f2ria pels participants o el seu representant legal, aquest disposar\u00e0 d&#8217;un per\u00edode de trenta dies h\u00e0bils per presentar una reclamaci\u00f3 per escrit a nom del Responsable del Centre. Aix\u00ed mateix, el Centre, despr\u00e9s de recaptar la documentaci\u00f3 pertinent, disposar\u00e0 d&#8217; un per\u00edode de trenta dies h\u00e0bils per respondre a la reclamaci\u00f3 plantejada pel participant.<\/p>\n\n\n\n<p>El per\u00edode de trenta dies h\u00e0bils comen\u00e7aran a comptar a partir de l&#8217; endem\u00e0 de la presentaci\u00f3 de la reclamaci\u00f3 lliurada al centre.<\/p>\n\n\n\n<p><strong>Beques i ajuts:<\/strong><\/p>\n\n\n\n<p>El Casal disposa d&#8217;un sistema d&#8217;ajuts econ\u00f2mics mitjan\u00e7ant beques destinat a facilitar l&#8217;acc\u00e9s a l&#8217;activitat a aquelles fam\u00edlies que, per la seva situaci\u00f3 econ\u00f2mica o social, ho necessitin.<\/p>\n\n\n\n<p>Les beques tenen com a objectiu garantir la igualtat d&#8217; oportunitats i fomentar la participaci\u00f3 de tots els infants en el programa, independentment de la seva situaci\u00f3.<\/p>\n\n\n\n<p>Tota la informaci\u00f3 relativa a les beques es troba recollida en un document espec\u00edfic disponible a la p\u00e0gina web del Casal, on es detallen:<\/p>\n\n\n\n<ul class=\"wp-block-list\">\n<li>Els requisits per poder optar a l&#8217; ajut.<\/li>\n\n\n\n<li>La documentaci\u00f3 necess\u00e0ria per a la sol\u00b7licitud.<\/li>\n\n\n\n<li>Els terminis de presentaci\u00f3.<\/li>\n\n\n\n<li>El procediment de valoraci\u00f3 i resoluci\u00f3.<\/li>\n\n\n\n<li>Els percentatges d&#8217;ajut aplicables segons cada cas.<\/li>\n\n\n\n<li>La sol\u00b7licitud de beca s&#8217;haur\u00e0 de realitzar seguint les indicacions establertes en aquest document i dins dels terminis indicats. La presentaci\u00f3 de la sol\u00b7licitud no garanteix la concessi\u00f3 de l&#8217;ajuda.<\/li>\n<\/ul>\n\n\n\n<p>En cas de ser concedida, la beca s&#8217;aplicar\u00e0 segons els criteris establerts per l&#8217; organitzaci\u00f3 i podr\u00e0 suposar una reducci\u00f3 parcial del cost total del casal.<\/p>\n\n\n\n<p>Es recomana a les fam\u00edlies interessades consultar pr\u00e8viament tota la informaci\u00f3 disponible abans d&#8217;iniciar el proc\u00e9s d&#8217;inscripci\u00f3, aix\u00ed com presentar la sol\u00b7licitud amb la m\u00e0xima antelaci\u00f3 possible per facilitar la seva correcta gesti\u00f3.<\/p>\n\n\n\n<p>L&#8217;organitzaci\u00f3 es reserva el dret de demanar documentaci\u00f3 addicional per verificar la informaci\u00f3 aportada i de modificar o actualitzar els criteris de concessi\u00f3 en funci\u00f3 de la disponibilitat d&#8217; ajuts.<\/p>\n\n\n\n<p><\/p>\n","protected":false},"excerpt":{"rendered":"<p>Condicions Generals Procediment d&#8217; inscripci\u00f3: Per formalitzar la reserva s&#8217;haur\u00e0 de completar la inscripci\u00f3 a trav\u00e9s del formulari digital integrat a la plataforma Playoff, accessible des de la p\u00e0gina web del Casal. Per completar el formulari caldr\u00e0 adjuntar una fotoc\u00f2pia del Cat Salut, aix\u00ed com la documentaci\u00f3 requerida durant el proc\u00e9s d&#8217;inscripci\u00f3. Es podr\u00e1 seleccionar [&hellip;]<\/p>\n","protected":false},"author":3,"featured_media":0,"parent":0,"menu_order":0,"comment_status":"closed","ping_status":"closed","template":"","meta":{"footnotes":""},"class_list":["post-697","page","type-page","status-publish","hentry"],"yoast_head":"<!-- This site is optimized with the Yoast SEO plugin v27.3 - https:\/\/yoast.com\/product\/yoast-seo-wordpress\/ -->\n<title>Pol\u00edtica del Casal - AVIPA<\/title>\n<meta name=\"description\" content=\"En aquest apartat es pot veure la pol\u00edtica del Casal d&#039;AVIPA 2025. Casal d&#039;estiu a Barcelona. Inscriu-te i gaudeix del millor estiu.\" \/>\n<meta name=\"robots\" content=\"index, follow, max-snippet:-1, max-image-preview:large, max-video-preview:-1\" \/>\n<link rel=\"canonical\" href=\"https:\/\/avipa.es\/ca\/politica-del-casal\/\" \/>\n<meta property=\"og:locale\" content=\"ca_ES\" \/>\n<meta property=\"og:type\" content=\"article\" \/>\n<meta property=\"og:title\" content=\"Pol\u00edtica del Casal - AVIPA\" \/>\n<meta property=\"og:description\" content=\"En aquest apartat es pot veure la pol\u00edtica del Casal d&#039;AVIPA 2025. Casal d&#039;estiu a Barcelona. Inscriu-te i gaudeix del millor estiu.\" \/>\n<meta property=\"og:url\" content=\"https:\/\/avipa.es\/ca\/politica-del-casal\/\" \/>\n<meta property=\"og:site_name\" content=\"AVIPA\" \/>\n<meta property=\"article:modified_time\" content=\"2026-03-24T12:10:36+00:00\" \/>\n<meta name=\"twitter:card\" content=\"summary_large_image\" \/>\n<meta name=\"twitter:label1\" content=\"Temps estimat de lectura\" \/>\n\t<meta name=\"twitter:data1\" content=\"10 minuts\" \/>\n<script type=\"application\/ld+json\" class=\"yoast-schema-graph\">{\"@context\":\"https:\\\/\\\/schema.org\",\"@graph\":[{\"@type\":\"WebPage\",\"@id\":\"https:\\\/\\\/avipa.es\\\/ca\\\/politica-del-casal\\\/\",\"url\":\"https:\\\/\\\/avipa.es\\\/ca\\\/politica-del-casal\\\/\",\"name\":\"Pol\u00edtica del Casal - AVIPA\",\"isPartOf\":{\"@id\":\"https:\\\/\\\/avipa.es\\\/ca\\\/#website\"},\"datePublished\":\"2023-05-02T06:33:42+00:00\",\"dateModified\":\"2026-03-24T12:10:36+00:00\",\"description\":\"En aquest apartat es pot veure la pol\u00edtica del Casal d'AVIPA 2025. Casal d'estiu a Barcelona. Inscriu-te i gaudeix del millor estiu.\",\"breadcrumb\":{\"@id\":\"https:\\\/\\\/avipa.es\\\/ca\\\/politica-del-casal\\\/#breadcrumb\"},\"inLanguage\":\"ca\",\"potentialAction\":[{\"@type\":\"ReadAction\",\"target\":[\"https:\\\/\\\/avipa.es\\\/ca\\\/politica-del-casal\\\/\"]}]},{\"@type\":\"BreadcrumbList\",\"@id\":\"https:\\\/\\\/avipa.es\\\/ca\\\/politica-del-casal\\\/#breadcrumb\",\"itemListElement\":[{\"@type\":\"ListItem\",\"position\":1,\"name\":\"Portada\",\"item\":\"https:\\\/\\\/avipa.es\\\/ca\\\/\"},{\"@type\":\"ListItem\",\"position\":2,\"name\":\"Pol\u00edtica del Casal\"}]},{\"@type\":\"WebSite\",\"@id\":\"https:\\\/\\\/avipa.es\\\/ca\\\/#website\",\"url\":\"https:\\\/\\\/avipa.es\\\/ca\\\/\",\"name\":\"AVIPA\",\"description\":\"Actividades extraescolares para ni\u00f1os\",\"potentialAction\":[{\"@type\":\"SearchAction\",\"target\":{\"@type\":\"EntryPoint\",\"urlTemplate\":\"https:\\\/\\\/avipa.es\\\/ca\\\/?s={search_term_string}\"},\"query-input\":{\"@type\":\"PropertyValueSpecification\",\"valueRequired\":true,\"valueName\":\"search_term_string\"}}],\"inLanguage\":\"ca\"}]}<\/script>\n<!-- \/ Yoast SEO plugin. -->","yoast_head_json":{"title":"Pol\u00edtica del Casal - AVIPA","description":"En aquest apartat es pot veure la pol\u00edtica del Casal d'AVIPA 2025. Casal d'estiu a Barcelona. Inscriu-te i gaudeix del millor estiu.","robots":{"index":"index","follow":"follow","max-snippet":"max-snippet:-1","max-image-preview":"max-image-preview:large","max-video-preview":"max-video-preview:-1"},"canonical":"https:\/\/avipa.es\/ca\/politica-del-casal\/","og_locale":"ca_ES","og_type":"article","og_title":"Pol\u00edtica del Casal - AVIPA","og_description":"En aquest apartat es pot veure la pol\u00edtica del Casal d'AVIPA 2025. Casal d'estiu a Barcelona. Inscriu-te i gaudeix del millor estiu.","og_url":"https:\/\/avipa.es\/ca\/politica-del-casal\/","og_site_name":"AVIPA","article_modified_time":"2026-03-24T12:10:36+00:00","twitter_card":"summary_large_image","twitter_misc":{"Temps estimat de lectura":"10 minuts"},"schema":{"@context":"https:\/\/schema.org","@graph":[{"@type":"WebPage","@id":"https:\/\/avipa.es\/ca\/politica-del-casal\/","url":"https:\/\/avipa.es\/ca\/politica-del-casal\/","name":"Pol\u00edtica del Casal - AVIPA","isPartOf":{"@id":"https:\/\/avipa.es\/ca\/#website"},"datePublished":"2023-05-02T06:33:42+00:00","dateModified":"2026-03-24T12:10:36+00:00","description":"En aquest apartat es pot veure la pol\u00edtica del Casal d'AVIPA 2025. Casal d'estiu a Barcelona. Inscriu-te i gaudeix del millor estiu.","breadcrumb":{"@id":"https:\/\/avipa.es\/ca\/politica-del-casal\/#breadcrumb"},"inLanguage":"ca","potentialAction":[{"@type":"ReadAction","target":["https:\/\/avipa.es\/ca\/politica-del-casal\/"]}]},{"@type":"BreadcrumbList","@id":"https:\/\/avipa.es\/ca\/politica-del-casal\/#breadcrumb","itemListElement":[{"@type":"ListItem","position":1,"name":"Portada","item":"https:\/\/avipa.es\/ca\/"},{"@type":"ListItem","position":2,"name":"Pol\u00edtica del Casal"}]},{"@type":"WebSite","@id":"https:\/\/avipa.es\/ca\/#website","url":"https:\/\/avipa.es\/ca\/","name":"AVIPA","description":"Actividades extraescolares para ni\u00f1os","potentialAction":[{"@type":"SearchAction","target":{"@type":"EntryPoint","urlTemplate":"https:\/\/avipa.es\/ca\/?s={search_term_string}"},"query-input":{"@type":"PropertyValueSpecification","valueRequired":true,"valueName":"search_term_string"}}],"inLanguage":"ca"}]}},"meta_box":[],"_links":{"self":[{"href":"https:\/\/avipa.es\/ca\/wp-json\/wp\/v2\/pages\/697","targetHints":{"allow":["GET"]}}],"collection":[{"href":"https:\/\/avipa.es\/ca\/wp-json\/wp\/v2\/pages"}],"about":[{"href":"https:\/\/avipa.es\/ca\/wp-json\/wp\/v2\/types\/page"}],"author":[{"embeddable":true,"href":"https:\/\/avipa.es\/ca\/wp-json\/wp\/v2\/users\/3"}],"replies":[{"embeddable":true,"href":"https:\/\/avipa.es\/ca\/wp-json\/wp\/v2\/comments?post=697"}],"version-history":[{"count":10,"href":"https:\/\/avipa.es\/ca\/wp-json\/wp\/v2\/pages\/697\/revisions"}],"predecessor-version":[{"id":3702,"href":"https:\/\/avipa.es\/ca\/wp-json\/wp\/v2\/pages\/697\/revisions\/3702"}],"wp:attachment":[{"href":"https:\/\/avipa.es\/ca\/wp-json\/wp\/v2\/media?parent=697"}],"curies":[{"name":"wp","href":"https:\/\/api.w.org\/{rel}","templated":true}]}}