{"id":2969,"date":"2024-06-12T14:35:08","date_gmt":"2024-06-12T12:35:08","guid":{"rendered":"https:\/\/avipa.es\/?post_type=product&#038;p=2969"},"modified":"2025-09-03T11:54:46","modified_gmt":"2025-09-03T09:54:46","slug":"permanencies-2","status":"publish","type":"product","link":"https:\/\/avipa.es\/ca\/producte\/permanencies-2\/","title":{"rendered":"Perman\u00e8ncies"},"content":{"rendered":"<p><\/p>\r\n<p>&nbsp;<\/p>\r\n<p>\r\n\r\n<\/p>\r\n<p>Per con\u00e8ixer la Pol\u00edtica d&#8217;activitats extraescolars, cliqueu <a href=\"https:\/\/avipa.es\/ca\/politica-de-les-activitats-extraescolars\/\">aqu\u00ed<\/a>.<\/p>\r\n<p>La inscripci\u00f3 es far\u00e0 mitjan\u00e7ant formulari.<\/p>\r\n<p>&nbsp;<\/p>\r\n<p>&nbsp;<\/p>\r\n<p><\/p>","protected":false},"excerpt":{"rendered":"<p><img loading=\"lazy\" decoding=\"async\" class=\"aligncenter wp-image-3027 size-full\" src=\"https:\/\/avipa.es\/wp-content\/uploads\/2024\/06\/image-1-1.png\" alt=\"\" width=\"670\" height=\"151\" srcset=\"https:\/\/avipa.es\/wp-content\/uploads\/2024\/06\/image-1-1.png 670w, https:\/\/avipa.es\/wp-content\/uploads\/2024\/06\/image-1-1-300x68.png 300w, https:\/\/avipa.es\/wp-content\/uploads\/2024\/06\/image-1-1-480x108.png 480w, https:\/\/avipa.es\/wp-content\/uploads\/2024\/06\/image-1-1-640x144.png 640w, https:\/\/avipa.es\/wp-content\/uploads\/2024\/06\/image-1-1-600x135.png 600w\" sizes=\"auto, (max-width: 670px) 100vw, 670px\" \/> \u00a0<\/p>\n<ul>\n<li>Venir de forma puntual &#8220;PREUS PERMAN\u00c8NCIES ESPOR\u00c0DIQUES&#8221;<\/li>\n<\/ul>\n<p><img loading=\"lazy\" decoding=\"async\" class=\"aligncenter wp-image-3025 size-full\" src=\"https:\/\/avipa.es\/wp-content\/uploads\/2024\/06\/unnamed-1.png\" alt=\"\" width=\"310\" height=\"94\" srcset=\"https:\/\/avipa.es\/wp-content\/uploads\/2024\/06\/unnamed-1.png 310w, https:\/\/avipa.es\/wp-content\/uploads\/2024\/06\/unnamed-1-300x91.png 300w\" sizes=\"auto, (max-width: 310px) 100vw, 310px\" \/> \u00a0 \u00a0<\/p>\n","protected":false},"featured_media":643,"template":"","meta":[],"product_brand":[],"product_cat":[45],"product_tag":[],"class_list":{"0":"post-2969","1":"product","2":"type-product","3":"status-publish","4":"has-post-thumbnail","6":"product_cat-uncategorized-ca","8":"first","9":"instock","10":"sold-individually","11":"shipping-taxable","12":"product-type-external"},"yoast_head":"<!-- This site is optimized with the Yoast SEO plugin v27.4 - https:\/\/yoast.com\/product\/yoast-seo-wordpress\/ -->\n<title>Perman\u00e8ncies - AVIPA<\/title>\n<meta name=\"robots\" content=\"index, follow, max-snippet:-1, max-image-preview:large, max-video-preview:-1\" \/>\n<link rel=\"canonical\" href=\"https:\/\/avipa.es\/ca\/producte\/permanencies-2\/\" \/>\n<meta property=\"og:locale\" content=\"ca_ES\" \/>\n<meta property=\"og:type\" content=\"article\" \/>\n<meta property=\"og:title\" content=\"Perman\u00e8ncies - AVIPA\" \/>\n<meta property=\"og:description\" content=\"\u00a0  Venir de forma puntual &quot;PREUS PERMAN\u00c8NCIES ESPOR\u00c0DIQUES&quot;   \u00a0 \u00a0\" \/>\n<meta property=\"og:url\" content=\"https:\/\/avipa.es\/ca\/producte\/permanencies-2\/\" \/>\n<meta property=\"og:site_name\" content=\"AVIPA\" \/>\n<meta property=\"article:modified_time\" content=\"2025-09-03T09:54:46+00:00\" \/>\n<meta property=\"og:image\" content=\"https:\/\/avipa.es\/wp-content\/uploads\/2023\/06\/IMG_4513-1.jpg\" \/>\n\t<meta property=\"og:image:width\" content=\"1920\" \/>\n\t<meta property=\"og:image:height\" content=\"1080\" \/>\n\t<meta property=\"og:image:type\" content=\"image\/jpeg\" \/>\n<meta name=\"twitter:card\" content=\"summary_large_image\" \/>\n<meta name=\"twitter:label1\" content=\"Temps estimat de lectura\" \/>\n\t<meta name=\"twitter:data1\" content=\"1 minut\" \/>\n<script type=\"application\/ld+json\" class=\"yoast-schema-graph\">{\"@context\":\"https:\\\/\\\/schema.org\",\"@graph\":[{\"@type\":\"WebPage\",\"@id\":\"https:\\\/\\\/avipa.es\\\/ca\\\/producte\\\/permanencies-2\\\/\",\"url\":\"https:\\\/\\\/avipa.es\\\/ca\\\/producte\\\/permanencies-2\\\/\",\"name\":\"Perman\u00e8ncies - AVIPA\",\"isPartOf\":{\"@id\":\"https:\\\/\\\/avipa.es\\\/ca\\\/#website\"},\"primaryImageOfPage\":{\"@id\":\"https:\\\/\\\/avipa.es\\\/ca\\\/producte\\\/permanencies-2\\\/#primaryimage\"},\"image\":{\"@id\":\"https:\\\/\\\/avipa.es\\\/ca\\\/producte\\\/permanencies-2\\\/#primaryimage\"},\"thumbnailUrl\":\"https:\\\/\\\/avipa.es\\\/wp-content\\\/uploads\\\/2023\\\/06\\\/IMG_4513-1.jpg\",\"datePublished\":\"2024-06-12T12:35:08+00:00\",\"dateModified\":\"2025-09-03T09:54:46+00:00\",\"breadcrumb\":{\"@id\":\"https:\\\/\\\/avipa.es\\\/ca\\\/producte\\\/permanencies-2\\\/#breadcrumb\"},\"inLanguage\":\"ca\",\"potentialAction\":[{\"@type\":\"ReadAction\",\"target\":[\"https:\\\/\\\/avipa.es\\\/ca\\\/producte\\\/permanencies-2\\\/\"]}]},{\"@type\":\"ImageObject\",\"inLanguage\":\"ca\",\"@id\":\"https:\\\/\\\/avipa.es\\\/ca\\\/producte\\\/permanencies-2\\\/#primaryimage\",\"url\":\"https:\\\/\\\/avipa.es\\\/wp-content\\\/uploads\\\/2023\\\/06\\\/IMG_4513-1.jpg\",\"contentUrl\":\"https:\\\/\\\/avipa.es\\\/wp-content\\\/uploads\\\/2023\\\/06\\\/IMG_4513-1.jpg\",\"width\":1920,\"height\":1080},{\"@type\":\"BreadcrumbList\",\"@id\":\"https:\\\/\\\/avipa.es\\\/ca\\\/producte\\\/permanencies-2\\\/#breadcrumb\",\"itemListElement\":[{\"@type\":\"ListItem\",\"position\":1,\"name\":\"Portada\",\"item\":\"https:\\\/\\\/avipa.es\\\/ca\\\/\"},{\"@type\":\"ListItem\",\"position\":2,\"name\":\"Serveis\",\"item\":\"https:\\\/\\\/avipa.es\\\/servicios-avipa-extraescolares-casal-verano-permanencias\\\/\"},{\"@type\":\"ListItem\",\"position\":3,\"name\":\"Perman\u00e8ncies\"}]},{\"@type\":\"WebSite\",\"@id\":\"https:\\\/\\\/avipa.es\\\/ca\\\/#website\",\"url\":\"https:\\\/\\\/avipa.es\\\/ca\\\/\",\"name\":\"AVIPA\",\"description\":\"Actividades extraescolares para ni\u00f1os\",\"potentialAction\":[{\"@type\":\"SearchAction\",\"target\":{\"@type\":\"EntryPoint\",\"urlTemplate\":\"https:\\\/\\\/avipa.es\\\/ca\\\/?s={search_term_string}\"},\"query-input\":{\"@type\":\"PropertyValueSpecification\",\"valueRequired\":true,\"valueName\":\"search_term_string\"}}],\"inLanguage\":\"ca\"}]}<\/script>\n<!-- \/ Yoast SEO plugin. -->","yoast_head_json":{"title":"Perman\u00e8ncies - AVIPA","robots":{"index":"index","follow":"follow","max-snippet":"max-snippet:-1","max-image-preview":"max-image-preview:large","max-video-preview":"max-video-preview:-1"},"canonical":"https:\/\/avipa.es\/ca\/producte\/permanencies-2\/","og_locale":"ca_ES","og_type":"article","og_title":"Perman\u00e8ncies - AVIPA","og_description":"\u00a0  Venir de forma puntual \"PREUS PERMAN\u00c8NCIES ESPOR\u00c0DIQUES\"   \u00a0 \u00a0","og_url":"https:\/\/avipa.es\/ca\/producte\/permanencies-2\/","og_site_name":"AVIPA","article_modified_time":"2025-09-03T09:54:46+00:00","og_image":[{"width":1920,"height":1080,"url":"https:\/\/avipa.es\/wp-content\/uploads\/2023\/06\/IMG_4513-1.jpg","type":"image\/jpeg"}],"twitter_card":"summary_large_image","twitter_misc":{"Temps estimat de lectura":"1 minut"},"schema":{"@context":"https:\/\/schema.org","@graph":[{"@type":"WebPage","@id":"https:\/\/avipa.es\/ca\/producte\/permanencies-2\/","url":"https:\/\/avipa.es\/ca\/producte\/permanencies-2\/","name":"Perman\u00e8ncies - AVIPA","isPartOf":{"@id":"https:\/\/avipa.es\/ca\/#website"},"primaryImageOfPage":{"@id":"https:\/\/avipa.es\/ca\/producte\/permanencies-2\/#primaryimage"},"image":{"@id":"https:\/\/avipa.es\/ca\/producte\/permanencies-2\/#primaryimage"},"thumbnailUrl":"https:\/\/avipa.es\/wp-content\/uploads\/2023\/06\/IMG_4513-1.jpg","datePublished":"2024-06-12T12:35:08+00:00","dateModified":"2025-09-03T09:54:46+00:00","breadcrumb":{"@id":"https:\/\/avipa.es\/ca\/producte\/permanencies-2\/#breadcrumb"},"inLanguage":"ca","potentialAction":[{"@type":"ReadAction","target":["https:\/\/avipa.es\/ca\/producte\/permanencies-2\/"]}]},{"@type":"ImageObject","inLanguage":"ca","@id":"https:\/\/avipa.es\/ca\/producte\/permanencies-2\/#primaryimage","url":"https:\/\/avipa.es\/wp-content\/uploads\/2023\/06\/IMG_4513-1.jpg","contentUrl":"https:\/\/avipa.es\/wp-content\/uploads\/2023\/06\/IMG_4513-1.jpg","width":1920,"height":1080},{"@type":"BreadcrumbList","@id":"https:\/\/avipa.es\/ca\/producte\/permanencies-2\/#breadcrumb","itemListElement":[{"@type":"ListItem","position":1,"name":"Portada","item":"https:\/\/avipa.es\/ca\/"},{"@type":"ListItem","position":2,"name":"Serveis","item":"https:\/\/avipa.es\/servicios-avipa-extraescolares-casal-verano-permanencias\/"},{"@type":"ListItem","position":3,"name":"Perman\u00e8ncies"}]},{"@type":"WebSite","@id":"https:\/\/avipa.es\/ca\/#website","url":"https:\/\/avipa.es\/ca\/","name":"AVIPA","description":"Actividades extraescolares para ni\u00f1os","potentialAction":[{"@type":"SearchAction","target":{"@type":"EntryPoint","urlTemplate":"https:\/\/avipa.es\/ca\/?s={search_term_string}"},"query-input":{"@type":"PropertyValueSpecification","valueRequired":true,"valueName":"search_term_string"}}],"inLanguage":"ca"}]}},"meta_box":{"productos-de-colegios_to":[717]},"_links":{"self":[{"href":"https:\/\/avipa.es\/ca\/wp-json\/wp\/v2\/product\/2969","targetHints":{"allow":["GET"]}}],"collection":[{"href":"https:\/\/avipa.es\/ca\/wp-json\/wp\/v2\/product"}],"about":[{"href":"https:\/\/avipa.es\/ca\/wp-json\/wp\/v2\/types\/product"}],"wp:featuredmedia":[{"embeddable":true,"href":"https:\/\/avipa.es\/ca\/wp-json\/wp\/v2\/media\/643"}],"wp:attachment":[{"href":"https:\/\/avipa.es\/ca\/wp-json\/wp\/v2\/media?parent=2969"}],"wp:term":[{"taxonomy":"product_brand","embeddable":true,"href":"https:\/\/avipa.es\/ca\/wp-json\/wp\/v2\/product_brand?post=2969"},{"taxonomy":"product_cat","embeddable":true,"href":"https:\/\/avipa.es\/ca\/wp-json\/wp\/v2\/product_cat?post=2969"},{"taxonomy":"product_tag","embeddable":true,"href":"https:\/\/avipa.es\/ca\/wp-json\/wp\/v2\/product_tag?post=2969"}],"curies":[{"name":"wp","href":"https:\/\/api.w.org\/{rel}","templated":true}]}}