{"id":2985,"date":"2024-06-12T14:34:57","date_gmt":"2024-06-12T12:34:57","guid":{"rendered":"https:\/\/avipa.es\/?post_type=product&#038;p=2985"},"modified":"2025-09-03T11:54:58","modified_gmt":"2025-09-03T09:54:58","slug":"estudi-dirigit-2","status":"publish","type":"product","link":"https:\/\/avipa.es\/ca\/producte\/estudi-dirigit-2\/","title":{"rendered":"Estudi Dirigit"},"content":{"rendered":"<p>Per con\u00e8ixer la Pol\u00edtica d&#8217;activitats extraescolars, cliqueu <a href=\"https:\/\/avipa.es\/ca\/politica-de-les-activitats-extraescolars\/\">aqu\u00ed<\/a>.<\/p>\n<p>La inscripci\u00f3 es far\u00e0 mitjan\u00e7ant formulari.<\/p>\n<p>A AVIPA, oferim el servei d\u00b4Estudi Dirigit, destinat als alumnes de l\u00b4ESO. El nostre objectiu \u00e9s brindar-los suport acad\u00e8mic i acompanyament als seus estudis. Durant l&#8217;horari dels dimecres de 15.15 ha 16.45 h, els estudiants poden comptar amb l&#8217;ajuda de monitors exalumnes, que coneixen les mat\u00e8ries que estan estudiant i estan capacitats per resoldre dubtes i oferir orientaci\u00f3.<\/p>\n<p>Al nostre Estudi Dirigit, els alumnes disposen d&#8217;un espai adequat i tranquil per concentrar-se en les tasques escolars. Valorem la import\u00e0ncia de combinar l&#8217;estudi amb l&#8217;activitat f\u00edsica, per aix\u00f2, durant la darrera mitja hora, oferim la possibilitat de realitzar activitats esportives al pati de l&#8217;escola. El nostre objectiu \u00e9s brindar-los un espai on puguin assolir el seu m\u00e0xim potencial acad\u00e8mic, alhora que gaudeixen d&#8217;una experi\u00e8ncia divertida i enriquidora.<\/p>\n<p>A Estudi Dirigit, ens comprometem a ajudar els alumnes a adquirir habilitats d&#8217;estudi efectives ia promoure&#8217;n el benestar general. Creiem en la seva capacitat per aconseguir l&#8217;\u00e8xit acad\u00e8mic i estem aqu\u00ed per brindar-los el suport necessari pel cam\u00ed educatiu.<\/p>\n","protected":false},"excerpt":{"rendered":"<p>El preu \u00e9s de 35\u20ac mensuals.<\/p>\n<p>L&#8217;horari \u00e9s de 15.15 ha 16.45 h.<\/p>\n","protected":false},"featured_media":876,"template":"","meta":[],"product_brand":[],"product_cat":[45],"product_tag":[],"class_list":{"0":"post-2985","1":"product","2":"type-product","3":"status-publish","4":"has-post-thumbnail","6":"product_cat-uncategorized-ca","8":"first","9":"instock","10":"sold-individually","11":"shipping-taxable","12":"product-type-external"},"yoast_head":"<!-- This site is optimized with the Yoast SEO plugin v27.3 - https:\/\/yoast.com\/product\/yoast-seo-wordpress\/ -->\n<title>Estudi Dirigit - AVIPA<\/title>\n<meta name=\"robots\" content=\"index, follow, max-snippet:-1, max-image-preview:large, max-video-preview:-1\" \/>\n<link rel=\"canonical\" href=\"https:\/\/avipa.es\/ca\/producte\/estudi-dirigit-2\/\" \/>\n<meta property=\"og:locale\" content=\"ca_ES\" \/>\n<meta property=\"og:type\" content=\"article\" \/>\n<meta property=\"og:title\" content=\"Estudi Dirigit - AVIPA\" \/>\n<meta property=\"og:description\" content=\"El preu \u00e9s de 35\u20ac mensuals.  L&#039;horari \u00e9s de 15.15 ha 16.45 h.\" \/>\n<meta property=\"og:url\" content=\"https:\/\/avipa.es\/ca\/producte\/estudi-dirigit-2\/\" \/>\n<meta property=\"og:site_name\" content=\"AVIPA\" \/>\n<meta property=\"article:modified_time\" content=\"2025-09-03T09:54:58+00:00\" \/>\n<meta property=\"og:image\" content=\"https:\/\/avipa.es\/wp-content\/uploads\/2023\/06\/IMG_7674-scaled.jpg\" \/>\n\t<meta property=\"og:image:width\" content=\"2560\" \/>\n\t<meta property=\"og:image:height\" content=\"1440\" \/>\n\t<meta property=\"og:image:type\" content=\"image\/jpeg\" \/>\n<meta name=\"twitter:card\" content=\"summary_large_image\" \/>\n<meta name=\"twitter:label1\" content=\"Temps estimat de lectura\" \/>\n\t<meta name=\"twitter:data1\" content=\"1 minut\" \/>\n<script type=\"application\/ld+json\" class=\"yoast-schema-graph\">{\"@context\":\"https:\\\/\\\/schema.org\",\"@graph\":[{\"@type\":\"WebPage\",\"@id\":\"https:\\\/\\\/avipa.es\\\/ca\\\/producte\\\/estudi-dirigit-2\\\/\",\"url\":\"https:\\\/\\\/avipa.es\\\/ca\\\/producte\\\/estudi-dirigit-2\\\/\",\"name\":\"Estudi Dirigit - AVIPA\",\"isPartOf\":{\"@id\":\"https:\\\/\\\/avipa.es\\\/ca\\\/#website\"},\"primaryImageOfPage\":{\"@id\":\"https:\\\/\\\/avipa.es\\\/ca\\\/producte\\\/estudi-dirigit-2\\\/#primaryimage\"},\"image\":{\"@id\":\"https:\\\/\\\/avipa.es\\\/ca\\\/producte\\\/estudi-dirigit-2\\\/#primaryimage\"},\"thumbnailUrl\":\"https:\\\/\\\/avipa.es\\\/wp-content\\\/uploads\\\/2023\\\/06\\\/IMG_7674-scaled.jpg\",\"datePublished\":\"2024-06-12T12:34:57+00:00\",\"dateModified\":\"2025-09-03T09:54:58+00:00\",\"breadcrumb\":{\"@id\":\"https:\\\/\\\/avipa.es\\\/ca\\\/producte\\\/estudi-dirigit-2\\\/#breadcrumb\"},\"inLanguage\":\"ca\",\"potentialAction\":[{\"@type\":\"ReadAction\",\"target\":[\"https:\\\/\\\/avipa.es\\\/ca\\\/producte\\\/estudi-dirigit-2\\\/\"]}]},{\"@type\":\"ImageObject\",\"inLanguage\":\"ca\",\"@id\":\"https:\\\/\\\/avipa.es\\\/ca\\\/producte\\\/estudi-dirigit-2\\\/#primaryimage\",\"url\":\"https:\\\/\\\/avipa.es\\\/wp-content\\\/uploads\\\/2023\\\/06\\\/IMG_7674-scaled.jpg\",\"contentUrl\":\"https:\\\/\\\/avipa.es\\\/wp-content\\\/uploads\\\/2023\\\/06\\\/IMG_7674-scaled.jpg\",\"width\":2560,\"height\":1440},{\"@type\":\"BreadcrumbList\",\"@id\":\"https:\\\/\\\/avipa.es\\\/ca\\\/producte\\\/estudi-dirigit-2\\\/#breadcrumb\",\"itemListElement\":[{\"@type\":\"ListItem\",\"position\":1,\"name\":\"Portada\",\"item\":\"https:\\\/\\\/avipa.es\\\/ca\\\/\"},{\"@type\":\"ListItem\",\"position\":2,\"name\":\"Serveis\",\"item\":\"https:\\\/\\\/avipa.es\\\/servicios-avipa-extraescolares-casal-verano-permanencias\\\/\"},{\"@type\":\"ListItem\",\"position\":3,\"name\":\"Estudi Dirigit\"}]},{\"@type\":\"WebSite\",\"@id\":\"https:\\\/\\\/avipa.es\\\/ca\\\/#website\",\"url\":\"https:\\\/\\\/avipa.es\\\/ca\\\/\",\"name\":\"AVIPA\",\"description\":\"Actividades extraescolares para ni\u00f1os\",\"potentialAction\":[{\"@type\":\"SearchAction\",\"target\":{\"@type\":\"EntryPoint\",\"urlTemplate\":\"https:\\\/\\\/avipa.es\\\/ca\\\/?s={search_term_string}\"},\"query-input\":{\"@type\":\"PropertyValueSpecification\",\"valueRequired\":true,\"valueName\":\"search_term_string\"}}],\"inLanguage\":\"ca\"}]}<\/script>\n<!-- \/ Yoast SEO plugin. -->","yoast_head_json":{"title":"Estudi Dirigit - AVIPA","robots":{"index":"index","follow":"follow","max-snippet":"max-snippet:-1","max-image-preview":"max-image-preview:large","max-video-preview":"max-video-preview:-1"},"canonical":"https:\/\/avipa.es\/ca\/producte\/estudi-dirigit-2\/","og_locale":"ca_ES","og_type":"article","og_title":"Estudi Dirigit - AVIPA","og_description":"El preu \u00e9s de 35\u20ac mensuals.  L'horari \u00e9s de 15.15 ha 16.45 h.","og_url":"https:\/\/avipa.es\/ca\/producte\/estudi-dirigit-2\/","og_site_name":"AVIPA","article_modified_time":"2025-09-03T09:54:58+00:00","og_image":[{"width":2560,"height":1440,"url":"https:\/\/avipa.es\/wp-content\/uploads\/2023\/06\/IMG_7674-scaled.jpg","type":"image\/jpeg"}],"twitter_card":"summary_large_image","twitter_misc":{"Temps estimat de lectura":"1 minut"},"schema":{"@context":"https:\/\/schema.org","@graph":[{"@type":"WebPage","@id":"https:\/\/avipa.es\/ca\/producte\/estudi-dirigit-2\/","url":"https:\/\/avipa.es\/ca\/producte\/estudi-dirigit-2\/","name":"Estudi Dirigit - AVIPA","isPartOf":{"@id":"https:\/\/avipa.es\/ca\/#website"},"primaryImageOfPage":{"@id":"https:\/\/avipa.es\/ca\/producte\/estudi-dirigit-2\/#primaryimage"},"image":{"@id":"https:\/\/avipa.es\/ca\/producte\/estudi-dirigit-2\/#primaryimage"},"thumbnailUrl":"https:\/\/avipa.es\/wp-content\/uploads\/2023\/06\/IMG_7674-scaled.jpg","datePublished":"2024-06-12T12:34:57+00:00","dateModified":"2025-09-03T09:54:58+00:00","breadcrumb":{"@id":"https:\/\/avipa.es\/ca\/producte\/estudi-dirigit-2\/#breadcrumb"},"inLanguage":"ca","potentialAction":[{"@type":"ReadAction","target":["https:\/\/avipa.es\/ca\/producte\/estudi-dirigit-2\/"]}]},{"@type":"ImageObject","inLanguage":"ca","@id":"https:\/\/avipa.es\/ca\/producte\/estudi-dirigit-2\/#primaryimage","url":"https:\/\/avipa.es\/wp-content\/uploads\/2023\/06\/IMG_7674-scaled.jpg","contentUrl":"https:\/\/avipa.es\/wp-content\/uploads\/2023\/06\/IMG_7674-scaled.jpg","width":2560,"height":1440},{"@type":"BreadcrumbList","@id":"https:\/\/avipa.es\/ca\/producte\/estudi-dirigit-2\/#breadcrumb","itemListElement":[{"@type":"ListItem","position":1,"name":"Portada","item":"https:\/\/avipa.es\/ca\/"},{"@type":"ListItem","position":2,"name":"Serveis","item":"https:\/\/avipa.es\/servicios-avipa-extraescolares-casal-verano-permanencias\/"},{"@type":"ListItem","position":3,"name":"Estudi Dirigit"}]},{"@type":"WebSite","@id":"https:\/\/avipa.es\/ca\/#website","url":"https:\/\/avipa.es\/ca\/","name":"AVIPA","description":"Actividades extraescolares para ni\u00f1os","potentialAction":[{"@type":"SearchAction","target":{"@type":"EntryPoint","urlTemplate":"https:\/\/avipa.es\/ca\/?s={search_term_string}"},"query-input":{"@type":"PropertyValueSpecification","valueRequired":true,"valueName":"search_term_string"}}],"inLanguage":"ca"}]}},"meta_box":{"productos-de-colegios_to":[717]},"_links":{"self":[{"href":"https:\/\/avipa.es\/ca\/wp-json\/wp\/v2\/product\/2985","targetHints":{"allow":["GET"]}}],"collection":[{"href":"https:\/\/avipa.es\/ca\/wp-json\/wp\/v2\/product"}],"about":[{"href":"https:\/\/avipa.es\/ca\/wp-json\/wp\/v2\/types\/product"}],"wp:featuredmedia":[{"embeddable":true,"href":"https:\/\/avipa.es\/ca\/wp-json\/wp\/v2\/media\/876"}],"wp:attachment":[{"href":"https:\/\/avipa.es\/ca\/wp-json\/wp\/v2\/media?parent=2985"}],"wp:term":[{"taxonomy":"product_brand","embeddable":true,"href":"https:\/\/avipa.es\/ca\/wp-json\/wp\/v2\/product_brand?post=2985"},{"taxonomy":"product_cat","embeddable":true,"href":"https:\/\/avipa.es\/ca\/wp-json\/wp\/v2\/product_cat?post=2985"},{"taxonomy":"product_tag","embeddable":true,"href":"https:\/\/avipa.es\/ca\/wp-json\/wp\/v2\/product_tag?post=2985"}],"curies":[{"name":"wp","href":"https:\/\/api.w.org\/{rel}","templated":true}]}}