{"id":3161,"date":"2024-08-29T10:48:09","date_gmt":"2024-08-29T08:48:09","guid":{"rendered":"https:\/\/avipa.es\/?post_type=product&#038;p=3161"},"modified":"2025-05-26T10:28:31","modified_gmt":"2025-05-26T08:28:31","slug":"casalet-de-setembre","status":"publish","type":"product","link":"https:\/\/avipa.es\/ca\/producte\/casalet-de-setembre\/","title":{"rendered":"Casalet de Setembre"},"content":{"rendered":"<p><strong>Inscripci\u00f3:<\/strong><br \/>\n1. Realitzar un pagament \u00fanic al compte bancari: ES51 2100 0763 9002 0040 7017<br \/>\n2. Completar el seg\u00fcent formulari, fent clic al bot\u00f3 &#8220;Fer la inscripci\u00f3 ara&#8221;.<\/p>\n<p><strong>Comunicaci\u00f3 amb les Fam\u00edlies<\/strong><br \/>\nTota la comunicaci\u00f3 es far\u00e0 via mail. El mail de contacte \u00e9s: casalestiu@iconcepcionistas.es<br \/>\nEstem a la vostra disposici\u00f3 per a qualsevol dubte o consulta. Moltes gr\u00e0cies per la vostra confian\u00e7a.<\/p>\n","protected":false},"excerpt":{"rendered":"<ol>\n<li><b>Dates<\/b><\/li>\n<\/ol>\n<p><span style=\"font-weight: 400;\">El Casalet de Setembre es dur\u00e0 a terme del <\/span><b>1 al 5 de setembre del 2024<\/b><span style=\"font-weight: 400;\"> (de dilluns a divendres).<\/span><\/p>\n<p>&nbsp;<\/p>\n<ol start=\"2\">\n<li><b> Horaris i preus disponibles:<\/b><\/li>\n<\/ol>\n<p><span style=\"font-weight: 400;\">&#8211; Opci\u00f3 1: De 9:00 ha 13:00 h = <\/span><b>115\u20ac<\/b><\/p>\n<p><span style=\"font-weight: 400;\">&#8211; Opci\u00f3 2: De 9:00 ha 15:00 h = <\/span><b>130\u20ac<\/b><\/p>\n<p><span style=\"font-weight: 400;\">*El preu del Casalet no inclou la samarreta del Casal que ser\u00e0 obligat\u00f2ria portar-la. En cas de no haver participat mai al Casal, haureu d\u2019adquirir almenys una samarreta.\u00a0<\/span><\/p>\n<p><span style=\"font-weight: 400;\">Preu samarreta: <\/span><b>10\u20ac<\/b><\/p>\n<p>&nbsp;<\/p>\n<ol start=\"3\">\n<li><b> Descomptes disponibles:<\/b><\/li>\n<\/ol>\n<p><span style=\"font-weight: 400;\">&#8211; <\/span><b>10\u20ac<\/b> <b>de descompte<\/b><span style=\"font-weight: 400;\"> per aquelles fam\u00edlies que hagin portat el fill\/a al casal d\u2019estiu durant <\/span><b>2 setmanes o 3 setmanes<\/b><\/p>\n<p><b>&#8211; 15\u20ac de descompte<\/b><span style=\"font-weight: 400;\"> per aquelles fam\u00edlies que hagin portat el fill\/a al casal d\u2019estiu durant<\/span><b> 4 setmanes.<\/b><\/p>\n<p><span style=\"font-weight: 400;\">&#8211; <\/span><b>20\u20ac<\/b> <b>de descompte<\/b><span style=\"font-weight: 400;\"> per aquelles fam\u00edlies que hagin portat el fill\/a al casal d\u2019estiu durant <\/span><b>5 setmanes.<\/b><\/p>\n<p><b><i>*Els descomptes nom\u00e9s s\u00f3n aplicables si es fa la inscripci\u00f3 abans del 30 de Juny<\/i><\/b><i><span style=\"font-weight: 400;\">.<\/span><\/i><\/p>\n<p>&nbsp;<\/p>\n<ol start=\"4\">\n<li><b> Edats i Grups<\/b><\/li>\n<\/ol>\n<p><span style=\"font-weight: 400;\">Hi poden participar tots els infants d&#8217;infantil, prim\u00e0ria i 1r de la ESO.<\/span><\/p>\n<p>&nbsp;<\/p>\n<ol start=\"5\">\n<li><b> Activitats Programades<\/b><\/li>\n<\/ol>\n<p><span style=\"font-weight: 400;\">Totes les activitats es realitzaran dins de l&#8217;escola, exceptuant un dia que marxarem d&#8217;excursi\u00f3 al parc. Es faran tot tipus d\u00b4activitats seguint la l\u00ednia del Casal, incloent jocs, tallers i olimp\u00edades on els nens i nenes podran jugar.<\/span><\/p>\n<p>&nbsp;<\/p>\n<ol start=\"6\">\n<li><b> Equip de Monitors<\/b><\/li>\n<\/ol>\n<p><span style=\"font-weight: 400;\">L\u00b4equip de monitors i monitors estar\u00e0 format per exalumnes de l\u00b4escola, titulats i amb experi\u00e8ncia, que ja han treballat amb nosaltres durant el Casal d\u00b4Estiu.<\/span><\/p>\n<p>&nbsp;<\/p>\n<ol start=\"7\">\n<li><b> Pagaments i terminis:<\/b><\/li>\n<\/ol>\n<ul>\n<li style=\"font-weight: 400;\" aria-level=\"1\"><b>Pagament \u00fanic<\/b><span style=\"font-weight: 400;\"> al compte bancari: <\/span><b><b>ES51 2100 0763 9002 0040 7017<\/b><\/b>&nbsp;<\/li>\n<\/ul>\n<ol start=\"8\">\n<li><b> Documentaci\u00f3 necess\u00e0ria:<\/b><\/li>\n<\/ol>\n<p><span style=\"font-weight: 400;\">&#8211; Dades del\/la participant<\/span><\/p>\n<p><span style=\"font-weight: 400;\">&#8211; Informaci\u00f3 m\u00e8dica, CATSALUT i dades de contacte (per a aquells que no hagin participat al casal).<\/span><\/p>\n<p><span style=\"font-weight: 400;\">&#8211; Signatura i acceptaci\u00f3 de les pol\u00edtiques del Casalet.<\/span><\/p>\n<p>&nbsp;<\/p>\n<ol start=\"9\">\n<li><b> Materials i Roba<\/b><\/li>\n<\/ol>\n<p><span style=\"font-weight: 400;\">Tots els dies realitzarem activitats al pati de l\u2019escola i farem activitats amb aigua.\u00a0<\/span><\/p>\n<p><b>Portar posa\u2019t:\u00a0<\/b><\/p>\n<ul>\n<li aria-level=\"1\"><span style=\"font-weight: 400;\">Gorra<\/span><\/li>\n<\/ul>\n<ul>\n<li aria-level=\"1\"><span style=\"font-weight: 400;\">Banyador<\/span><\/li>\n<\/ul>\n<ul>\n<li aria-level=\"1\"><span style=\"font-weight: 400;\">Cal\u00e7at esportiu<\/span><\/li>\n<\/ul>\n<ul>\n<li aria-level=\"1\"><span style=\"font-weight: 400;\">Samarreta del Casal (en cas de no disposar de samarreta del Casal poseu-vos en contacte amb nosaltres)<\/span><\/li>\n<\/ul>\n<p><b>A la motxilla:\u00a0<\/b><\/p>\n<ul>\n<li aria-level=\"1\"><span style=\"font-weight: 400;\">Esmorzar<\/span><\/li>\n<\/ul>\n<ul>\n<li aria-level=\"1\"><span style=\"font-weight: 400;\">Crema solar<\/span><\/li>\n<\/ul>\n<ul>\n<li aria-level=\"1\"><span style=\"font-weight: 400;\">Ampolla d\u2019aigua<\/span><\/li>\n<\/ul>\n<ul>\n<li aria-level=\"1\"><span style=\"font-weight: 400;\">Roba de recanvi<\/span><\/li>\n<\/ul>\n<ul>\n<li aria-level=\"1\"><span style=\"font-weight: 400;\">Tovallola<\/span><\/li>\n<\/ul>\n<ul>\n<li aria-level=\"1\"><span style=\"font-weight: 400;\">Xancletes<\/span><\/li>\n<li aria-level=\"1\"><span style=\"font-weight: 400;\"><span style=\"font-weight: 400;\">Pistola d\u2019aigua (el primer dia)<\/span><\/span>&nbsp;<\/li>\n<\/ul>\n<ol start=\"10\">\n<li><b> Que Inclou el Casalet?<\/b><\/li>\n<\/ol>\n<p><span style=\"font-weight: 400;\">&#8211; Asseguran\u00e7a m\u00e8dica per a tots els infants<\/span><\/p>\n<p><span style=\"font-weight: 400;\">&#8211; Monitors titulats i qualificats<\/span><\/p>\n<p><span style=\"font-weight: 400;\">&#8211; Servei de perman\u00e8ncies de mat\u00ed<\/span><\/p>\n<p><span style=\"font-weight: 400;\">&#8211; Servei de menjador<\/span><\/p>\n<p>&nbsp;<\/p>\n<ol start=\"11\">\n<li><b> Servei de perman\u00e8ncies:<\/b><\/li>\n<\/ol>\n<p><span style=\"font-weight: 400;\">El servei de perman\u00e8ncies.\u00a0<\/span><\/p>\n<p><span style=\"font-weight: 400;\">De matins obrirem en dos torns a les 8:00h i a les 8:30h. En les tardes de 15:00h a 15:30h.\u00a0<\/span><\/p>\n<ul>\n<li style=\"font-weight: 400;\" aria-level=\"1\"><span style=\"font-weight: 400;\">Preu:\u00a0<\/span><\/li>\n<\/ul>\n<ul>\n<li style=\"font-weight: 400;\" aria-level=\"1\"><span style=\"font-weight: 400;\">30 min: 2\u20ac (5\u20ac tots els dies)<\/span><\/li>\n<li style=\"font-weight: 400;\" aria-level=\"1\"><span style=\"font-weight: 400;\">1h: \u00a0 \u00a0 \u00a0 \u00a0 4\u20ac (10\u20ac tots els dies)\u00a0<\/span><\/li>\n<li style=\"font-weight: 400;\" aria-level=\"1\"><span style=\"font-weight: 400;\">1h i 30 min: 6\u20ac (15\u20ac tots els dies)<\/span><\/li>\n<\/ul>\n<p><span style=\"font-weight: 400;\">No oferim servei de perman\u00e8ncies de tarda. En cas especial de que alguna fam\u00edlia necessiti servei de perman\u00e8ncies de tarda que es posi en contacte amb nosaltres.\u00a0<\/span><\/p>\n<p>&nbsp;<\/p>\n","protected":false},"featured_media":3115,"template":"","meta":[],"product_brand":[],"product_cat":[],"product_tag":[],"class_list":{"0":"post-3161","1":"product","2":"type-product","3":"status-publish","4":"has-post-thumbnail","7":"first","8":"instock","9":"shipping-taxable","10":"product-type-external"},"yoast_head":"<!-- This site is optimized with the Yoast SEO plugin v27.3 - https:\/\/yoast.com\/product\/yoast-seo-wordpress\/ -->\n<title>Casalet de Setembre - AVIPA<\/title>\n<meta name=\"robots\" content=\"index, follow, max-snippet:-1, max-image-preview:large, max-video-preview:-1\" \/>\n<link rel=\"canonical\" href=\"https:\/\/avipa.es\/ca\/producte\/casalet-de-setembre\/\" \/>\n<meta property=\"og:locale\" content=\"ca_ES\" \/>\n<meta property=\"og:type\" content=\"article\" \/>\n<meta property=\"og:title\" content=\"Casalet de Setembre - AVIPA\" \/>\n<meta property=\"og:description\" content=\"Dates  El Casalet de Setembre es dur\u00e0 a terme del 1 al 5 de setembre del 2024 (de dilluns a divendres).  &nbsp;    Horaris i preus disponibles:  - Opci\u00f3 1: De 9:00 ha 13:00 h = 115\u20ac  - Opci\u00f3 2: De 9:00 ha 15:00 h = 130\u20ac  *El preu del Casalet no inclou la samarreta del Casal que ser\u00e0 obligat\u00f2ria portar-la. En cas de no haver participat mai al Casal, haureu d\u2019adquirir almenys una samarreta.\u00a0  Preu samarreta: 10\u20ac  &nbsp;    Descomptes disponibles:  - 10\u20ac de descompte per aquelles fam\u00edlies que hagin portat el fill\/a al casal d\u2019estiu durant 2 setmanes o 3 setmanes  - 15\u20ac de descompte per aquelles fam\u00edlies que hagin portat el fill\/a al casal d\u2019estiu durant 4 setmanes.  - 20\u20ac de descompte per aquelles fam\u00edlies que hagin portat el fill\/a al casal d\u2019estiu durant 5 setmanes.  *Els descomptes nom\u00e9s s\u00f3n aplicables si es fa la inscripci\u00f3 abans del 30 de Juny.  &nbsp;    Edats i Grups  Hi poden participar tots els infants d&#039;infantil, prim\u00e0ria i 1r de la ESO.  &nbsp;    Activitats Programades  Totes les activitats es realitzaran dins de l&#039;escola, exceptuant un dia que marxarem d&#039;excursi\u00f3 al parc. Es faran tot tipus d\u00b4activitats seguint la l\u00ednia del Casal, incloent jocs, tallers i olimp\u00edades on els nens i nenes podran jugar.  &nbsp;    Equip de Monitors  L\u00b4equip de monitors i monitors estar\u00e0 format per exalumnes de l\u00b4escola, titulats i amb experi\u00e8ncia, que ja han treballat amb nosaltres durant el Casal d\u00b4Estiu.  &nbsp;    Pagaments i terminis:    Pagament \u00fanic al compte bancari: ES51 2100 0763 9002 0040 7017&nbsp;     Documentaci\u00f3 necess\u00e0ria:  - Dades del\/la participant  - Informaci\u00f3 m\u00e8dica, CATSALUT i dades de contacte (per a aquells que no hagin participat al casal).  - Signatura i acceptaci\u00f3 de les pol\u00edtiques del Casalet.  &nbsp;    Materials i Roba  Tots els dies realitzarem activitats al pati de l\u2019escola i farem activitats amb aigua.\u00a0  Portar posa\u2019t:\u00a0   Gorra    Banyador    Cal\u00e7at esportiu    Samarreta del Casal (en cas de no disposar de samarreta del Casal poseu-vos en contacte amb nosaltres)  A la motxilla:\u00a0   Esmorzar    Crema solar    Ampolla d\u2019aigua    Roba de recanvi    Tovallola    Xancletes  Pistola d\u2019aigua (el primer dia)&nbsp;     Que Inclou el Casalet?  - Asseguran\u00e7a m\u00e8dica per a tots els infants  - Monitors titulats i qualificats  - Servei de perman\u00e8ncies de mat\u00ed  - Servei de menjador  &nbsp;    Servei de perman\u00e8ncies:  El servei de perman\u00e8ncies.\u00a0  De matins obrirem en dos torns a les 8:00h i a les 8:30h. En les tardes de 15:00h a 15:30h.\u00a0   Preu:\u00a0    30 min: 2\u20ac (5\u20ac tots els dies)  1h: \u00a0 \u00a0 \u00a0 \u00a0 4\u20ac (10\u20ac tots els dies)\u00a0  1h i 30 min: 6\u20ac (15\u20ac tots els dies)  No oferim servei de perman\u00e8ncies de tarda. En cas especial de que alguna fam\u00edlia necessiti servei de perman\u00e8ncies de tarda que es posi en contacte amb nosaltres.\u00a0  &nbsp;\" \/>\n<meta property=\"og:url\" content=\"https:\/\/avipa.es\/ca\/producte\/casalet-de-setembre\/\" \/>\n<meta property=\"og:site_name\" content=\"AVIPA\" \/>\n<meta property=\"article:modified_time\" content=\"2025-05-26T08:28:31+00:00\" \/>\n<meta property=\"og:image\" content=\"https:\/\/avipa.es\/wp-content\/uploads\/2024\/07\/CASAL-ESTIU-ACTIVITATS-PER-GRUPS-DEDAT-scaled.jpg\" \/>\n\t<meta property=\"og:image:width\" content=\"2560\" \/>\n\t<meta property=\"og:image:height\" content=\"1920\" \/>\n\t<meta property=\"og:image:type\" content=\"image\/jpeg\" \/>\n<meta name=\"twitter:card\" content=\"summary_large_image\" \/>\n<meta name=\"twitter:label1\" content=\"Temps estimat de lectura\" \/>\n\t<meta name=\"twitter:data1\" content=\"1 minut\" \/>\n<script type=\"application\/ld+json\" class=\"yoast-schema-graph\">{\"@context\":\"https:\\\/\\\/schema.org\",\"@graph\":[{\"@type\":\"WebPage\",\"@id\":\"https:\\\/\\\/avipa.es\\\/ca\\\/producte\\\/casalet-de-setembre\\\/\",\"url\":\"https:\\\/\\\/avipa.es\\\/ca\\\/producte\\\/casalet-de-setembre\\\/\",\"name\":\"Casalet de Setembre - AVIPA\",\"isPartOf\":{\"@id\":\"https:\\\/\\\/avipa.es\\\/ca\\\/#website\"},\"primaryImageOfPage\":{\"@id\":\"https:\\\/\\\/avipa.es\\\/ca\\\/producte\\\/casalet-de-setembre\\\/#primaryimage\"},\"image\":{\"@id\":\"https:\\\/\\\/avipa.es\\\/ca\\\/producte\\\/casalet-de-setembre\\\/#primaryimage\"},\"thumbnailUrl\":\"https:\\\/\\\/avipa.es\\\/wp-content\\\/uploads\\\/2024\\\/07\\\/CASAL-ESTIU-ACTIVITATS-PER-GRUPS-DEDAT-scaled.jpg\",\"datePublished\":\"2024-08-29T08:48:09+00:00\",\"dateModified\":\"2025-05-26T08:28:31+00:00\",\"breadcrumb\":{\"@id\":\"https:\\\/\\\/avipa.es\\\/ca\\\/producte\\\/casalet-de-setembre\\\/#breadcrumb\"},\"inLanguage\":\"ca\",\"potentialAction\":[{\"@type\":\"ReadAction\",\"target\":[\"https:\\\/\\\/avipa.es\\\/ca\\\/producte\\\/casalet-de-setembre\\\/\"]}]},{\"@type\":\"ImageObject\",\"inLanguage\":\"ca\",\"@id\":\"https:\\\/\\\/avipa.es\\\/ca\\\/producte\\\/casalet-de-setembre\\\/#primaryimage\",\"url\":\"https:\\\/\\\/avipa.es\\\/wp-content\\\/uploads\\\/2024\\\/07\\\/CASAL-ESTIU-ACTIVITATS-PER-GRUPS-DEDAT-scaled.jpg\",\"contentUrl\":\"https:\\\/\\\/avipa.es\\\/wp-content\\\/uploads\\\/2024\\\/07\\\/CASAL-ESTIU-ACTIVITATS-PER-GRUPS-DEDAT-scaled.jpg\",\"width\":2560,\"height\":1920},{\"@type\":\"BreadcrumbList\",\"@id\":\"https:\\\/\\\/avipa.es\\\/ca\\\/producte\\\/casalet-de-setembre\\\/#breadcrumb\",\"itemListElement\":[{\"@type\":\"ListItem\",\"position\":1,\"name\":\"Portada\",\"item\":\"https:\\\/\\\/avipa.es\\\/ca\\\/\"},{\"@type\":\"ListItem\",\"position\":2,\"name\":\"Serveis\",\"item\":\"https:\\\/\\\/avipa.es\\\/servicios-avipa-extraescolares-casal-verano-permanencias\\\/\"},{\"@type\":\"ListItem\",\"position\":3,\"name\":\"Casalet de Setembre\"}]},{\"@type\":\"WebSite\",\"@id\":\"https:\\\/\\\/avipa.es\\\/ca\\\/#website\",\"url\":\"https:\\\/\\\/avipa.es\\\/ca\\\/\",\"name\":\"AVIPA\",\"description\":\"Actividades extraescolares para ni\u00f1os\",\"potentialAction\":[{\"@type\":\"SearchAction\",\"target\":{\"@type\":\"EntryPoint\",\"urlTemplate\":\"https:\\\/\\\/avipa.es\\\/ca\\\/?s={search_term_string}\"},\"query-input\":{\"@type\":\"PropertyValueSpecification\",\"valueRequired\":true,\"valueName\":\"search_term_string\"}}],\"inLanguage\":\"ca\"}]}<\/script>\n<!-- \/ Yoast SEO plugin. -->","yoast_head_json":{"title":"Casalet de Setembre - AVIPA","robots":{"index":"index","follow":"follow","max-snippet":"max-snippet:-1","max-image-preview":"max-image-preview:large","max-video-preview":"max-video-preview:-1"},"canonical":"https:\/\/avipa.es\/ca\/producte\/casalet-de-setembre\/","og_locale":"ca_ES","og_type":"article","og_title":"Casalet de Setembre - AVIPA","og_description":"Dates  El Casalet de Setembre es dur\u00e0 a terme del 1 al 5 de setembre del 2024 (de dilluns a divendres).  &nbsp;    Horaris i preus disponibles:  - Opci\u00f3 1: De 9:00 ha 13:00 h = 115\u20ac  - Opci\u00f3 2: De 9:00 ha 15:00 h = 130\u20ac  *El preu del Casalet no inclou la samarreta del Casal que ser\u00e0 obligat\u00f2ria portar-la. En cas de no haver participat mai al Casal, haureu d\u2019adquirir almenys una samarreta.\u00a0  Preu samarreta: 10\u20ac  &nbsp;    Descomptes disponibles:  - 10\u20ac de descompte per aquelles fam\u00edlies que hagin portat el fill\/a al casal d\u2019estiu durant 2 setmanes o 3 setmanes  - 15\u20ac de descompte per aquelles fam\u00edlies que hagin portat el fill\/a al casal d\u2019estiu durant 4 setmanes.  - 20\u20ac de descompte per aquelles fam\u00edlies que hagin portat el fill\/a al casal d\u2019estiu durant 5 setmanes.  *Els descomptes nom\u00e9s s\u00f3n aplicables si es fa la inscripci\u00f3 abans del 30 de Juny.  &nbsp;    Edats i Grups  Hi poden participar tots els infants d'infantil, prim\u00e0ria i 1r de la ESO.  &nbsp;    Activitats Programades  Totes les activitats es realitzaran dins de l'escola, exceptuant un dia que marxarem d'excursi\u00f3 al parc. Es faran tot tipus d\u00b4activitats seguint la l\u00ednia del Casal, incloent jocs, tallers i olimp\u00edades on els nens i nenes podran jugar.  &nbsp;    Equip de Monitors  L\u00b4equip de monitors i monitors estar\u00e0 format per exalumnes de l\u00b4escola, titulats i amb experi\u00e8ncia, que ja han treballat amb nosaltres durant el Casal d\u00b4Estiu.  &nbsp;    Pagaments i terminis:    Pagament \u00fanic al compte bancari: ES51 2100 0763 9002 0040 7017&nbsp;     Documentaci\u00f3 necess\u00e0ria:  - Dades del\/la participant  - Informaci\u00f3 m\u00e8dica, CATSALUT i dades de contacte (per a aquells que no hagin participat al casal).  - Signatura i acceptaci\u00f3 de les pol\u00edtiques del Casalet.  &nbsp;    Materials i Roba  Tots els dies realitzarem activitats al pati de l\u2019escola i farem activitats amb aigua.\u00a0  Portar posa\u2019t:\u00a0   Gorra    Banyador    Cal\u00e7at esportiu    Samarreta del Casal (en cas de no disposar de samarreta del Casal poseu-vos en contacte amb nosaltres)  A la motxilla:\u00a0   Esmorzar    Crema solar    Ampolla d\u2019aigua    Roba de recanvi    Tovallola    Xancletes  Pistola d\u2019aigua (el primer dia)&nbsp;     Que Inclou el Casalet?  - Asseguran\u00e7a m\u00e8dica per a tots els infants  - Monitors titulats i qualificats  - Servei de perman\u00e8ncies de mat\u00ed  - Servei de menjador  &nbsp;    Servei de perman\u00e8ncies:  El servei de perman\u00e8ncies.\u00a0  De matins obrirem en dos torns a les 8:00h i a les 8:30h. En les tardes de 15:00h a 15:30h.\u00a0   Preu:\u00a0    30 min: 2\u20ac (5\u20ac tots els dies)  1h: \u00a0 \u00a0 \u00a0 \u00a0 4\u20ac (10\u20ac tots els dies)\u00a0  1h i 30 min: 6\u20ac (15\u20ac tots els dies)  No oferim servei de perman\u00e8ncies de tarda. En cas especial de que alguna fam\u00edlia necessiti servei de perman\u00e8ncies de tarda que es posi en contacte amb nosaltres.\u00a0  &nbsp;","og_url":"https:\/\/avipa.es\/ca\/producte\/casalet-de-setembre\/","og_site_name":"AVIPA","article_modified_time":"2025-05-26T08:28:31+00:00","og_image":[{"width":2560,"height":1920,"url":"https:\/\/avipa.es\/wp-content\/uploads\/2024\/07\/CASAL-ESTIU-ACTIVITATS-PER-GRUPS-DEDAT-scaled.jpg","type":"image\/jpeg"}],"twitter_card":"summary_large_image","twitter_misc":{"Temps estimat de lectura":"1 minut"},"schema":{"@context":"https:\/\/schema.org","@graph":[{"@type":"WebPage","@id":"https:\/\/avipa.es\/ca\/producte\/casalet-de-setembre\/","url":"https:\/\/avipa.es\/ca\/producte\/casalet-de-setembre\/","name":"Casalet de Setembre - AVIPA","isPartOf":{"@id":"https:\/\/avipa.es\/ca\/#website"},"primaryImageOfPage":{"@id":"https:\/\/avipa.es\/ca\/producte\/casalet-de-setembre\/#primaryimage"},"image":{"@id":"https:\/\/avipa.es\/ca\/producte\/casalet-de-setembre\/#primaryimage"},"thumbnailUrl":"https:\/\/avipa.es\/wp-content\/uploads\/2024\/07\/CASAL-ESTIU-ACTIVITATS-PER-GRUPS-DEDAT-scaled.jpg","datePublished":"2024-08-29T08:48:09+00:00","dateModified":"2025-05-26T08:28:31+00:00","breadcrumb":{"@id":"https:\/\/avipa.es\/ca\/producte\/casalet-de-setembre\/#breadcrumb"},"inLanguage":"ca","potentialAction":[{"@type":"ReadAction","target":["https:\/\/avipa.es\/ca\/producte\/casalet-de-setembre\/"]}]},{"@type":"ImageObject","inLanguage":"ca","@id":"https:\/\/avipa.es\/ca\/producte\/casalet-de-setembre\/#primaryimage","url":"https:\/\/avipa.es\/wp-content\/uploads\/2024\/07\/CASAL-ESTIU-ACTIVITATS-PER-GRUPS-DEDAT-scaled.jpg","contentUrl":"https:\/\/avipa.es\/wp-content\/uploads\/2024\/07\/CASAL-ESTIU-ACTIVITATS-PER-GRUPS-DEDAT-scaled.jpg","width":2560,"height":1920},{"@type":"BreadcrumbList","@id":"https:\/\/avipa.es\/ca\/producte\/casalet-de-setembre\/#breadcrumb","itemListElement":[{"@type":"ListItem","position":1,"name":"Portada","item":"https:\/\/avipa.es\/ca\/"},{"@type":"ListItem","position":2,"name":"Serveis","item":"https:\/\/avipa.es\/servicios-avipa-extraescolares-casal-verano-permanencias\/"},{"@type":"ListItem","position":3,"name":"Casalet de Setembre"}]},{"@type":"WebSite","@id":"https:\/\/avipa.es\/ca\/#website","url":"https:\/\/avipa.es\/ca\/","name":"AVIPA","description":"Actividades extraescolares para ni\u00f1os","potentialAction":[{"@type":"SearchAction","target":{"@type":"EntryPoint","urlTemplate":"https:\/\/avipa.es\/ca\/?s={search_term_string}"},"query-input":{"@type":"PropertyValueSpecification","valueRequired":true,"valueName":"search_term_string"}}],"inLanguage":"ca"}]}},"meta_box":{"productos-de-colegios_to":[717]},"_links":{"self":[{"href":"https:\/\/avipa.es\/ca\/wp-json\/wp\/v2\/product\/3161","targetHints":{"allow":["GET"]}}],"collection":[{"href":"https:\/\/avipa.es\/ca\/wp-json\/wp\/v2\/product"}],"about":[{"href":"https:\/\/avipa.es\/ca\/wp-json\/wp\/v2\/types\/product"}],"wp:featuredmedia":[{"embeddable":true,"href":"https:\/\/avipa.es\/ca\/wp-json\/wp\/v2\/media\/3115"}],"wp:attachment":[{"href":"https:\/\/avipa.es\/ca\/wp-json\/wp\/v2\/media?parent=3161"}],"wp:term":[{"taxonomy":"product_brand","embeddable":true,"href":"https:\/\/avipa.es\/ca\/wp-json\/wp\/v2\/product_brand?post=3161"},{"taxonomy":"product_cat","embeddable":true,"href":"https:\/\/avipa.es\/ca\/wp-json\/wp\/v2\/product_cat?post=3161"},{"taxonomy":"product_tag","embeddable":true,"href":"https:\/\/avipa.es\/ca\/wp-json\/wp\/v2\/product_tag?post=3161"}],"curies":[{"name":"wp","href":"https:\/\/api.w.org\/{rel}","templated":true}]}}